{"id":74,"date":"2024-02-22T11:12:28","date_gmt":"2024-02-22T10:12:28","guid":{"rendered":"https:\/\/www.reflexhaut.fr\/gestion\/?page_id=74"},"modified":"2026-01-12T17:20:07","modified_gmt":"2026-01-12T16:20:07","slug":"reflexhaut-gestion","status":"publish","type":"page","link":"https:\/\/www.reflexhaut.fr\/gestion\/","title":{"rendered":"REFLEXHAUT &#8211; Villiers-en-Plaine\/Niort"},"content":{"rendered":"\n<div class=\"wp-block-group alignfull has-global-padding is-layout-constrained wp-container-core-group-is-layout-4062b888 wp-block-group-is-layout-constrained\" style=\"padding-top:var(--wp--preset--spacing--20);padding-right:var(--wp--preset--spacing--50);padding-bottom:var(--wp--preset--spacing--20);padding-left:var(--wp--preset--spacing--50)\">\n<div class=\"wp-block-group has-global-padding is-layout-constrained wp-container-core-group-is-layout-650790e1 wp-block-group-is-layout-constrained\">\n<h2 class=\"wp-block-heading has-text-align-center\">A votre service depuis 2007 !<\/h2>\n\n\n\n<div style=\"height:1.25rem\" aria-hidden=\"true\" class=\"wp-block-spacer\"><\/div>\n\n\n\n<p class=\"has-text-align-center\">Vous souhaitez programmer un rendez-vous directement en ligne.<br><strong><em>Merci d&rsquo;utiliser ce nouveau syst\u00e8me de programmation.<\/em><\/strong><\/p>\n\n\n\n<p class=\"has-text-align-center\">&#8211;<br>Programmation du Lundi au Samedi.<\/p>\n\n\n\n<p class=\"has-text-align-center\"><br>Pour le confort de tous,<\/p>\n\n\n\n<p class=\"has-text-align-center\" style=\"text-decoration:underline\"><br>l&rsquo;accueil au locaux REFLEXHAUT se fait <strong>UNIQUEMENT<\/strong> <br>sur rendez-vous pr\u00e9alable.<br><\/p>\n\n\n\n<div style=\"height:1.25rem\" aria-hidden=\"true\" class=\"wp-block-spacer\"><\/div>\n\n\n\n<div class=\"wp-block-buttons is-content-justification-center is-layout-flex wp-container-core-buttons-is-layout-a89b3969 wp-block-buttons-is-layout-flex\">\n<div class=\"wp-block-button has-custom-width wp-block-button__width-75\"><a class=\"wp-block-button__link has-medium-font-size has-custom-font-size wp-element-button\" href=\"https:\/\/www.reflexhaut.fr\/gestion\/agend\">Prise de rendez-vous en ligne<\/a><\/div>\n<\/div>\n<\/div>\n\n\n\n<div style=\"height:var(--wp--preset--spacing--30)\" aria-hidden=\"true\" class=\"wp-block-spacer\"><\/div>\n\n\n\n<figure class=\"wp-block-image alignwide size-large is-style-rounded is-style-rounded--1\"><img loading=\"lazy\" decoding=\"async\" width=\"1024\" height=\"576\" src=\"https:\/\/www.reflexhaut.fr\/gestion\/wp-content\/uploads\/2024\/03\/2024-02-28_18-07-23_7584-edited-1024x576.png\" alt=\"REFLEXHAUT - LMDI - La Maison De l'Image\" class=\"wp-image-140\" srcset=\"https:\/\/www.reflexhaut.fr\/gestion\/wp-content\/uploads\/2024\/03\/2024-02-28_18-07-23_7584-edited-1024x576.png 1024w, https:\/\/www.reflexhaut.fr\/gestion\/wp-content\/uploads\/2024\/03\/2024-02-28_18-07-23_7584-edited-300x169.png 300w, https:\/\/www.reflexhaut.fr\/gestion\/wp-content\/uploads\/2024\/03\/2024-02-28_18-07-23_7584-edited-768x432.png 768w, https:\/\/www.reflexhaut.fr\/gestion\/wp-content\/uploads\/2024\/03\/2024-02-28_18-07-23_7584-edited.png 1152w\" sizes=\"auto, (max-width: 1024px) 100vw, 1024px\" \/><\/figure>\n<\/div>\n\n\n\n<div class=\"wp-block-group alignfull has-base-color has-contrast-background-color has-text-color has-background has-global-padding is-layout-constrained wp-container-core-group-is-layout-5ef3a871 wp-block-group-is-layout-constrained\" style=\"margin-top:0;margin-bottom:0;padding-top:var(--wp--preset--spacing--20);padding-right:var(--wp--preset--spacing--60);padding-bottom:var(--wp--preset--spacing--20);padding-left:var(--wp--preset--spacing--60)\">\n<div class=\"wp-block-group has-global-padding is-layout-constrained wp-block-group-is-layout-constrained\">\n<p class=\"has-text-align-center has-base-color has-text-color has-heading-font-family has-x-large-font-size\" style=\"line-height:1.2\">SARL REFLEXHAUT<\/p>\n\n\n\n<div class=\"wp-block-group is-vertical is-content-justification-center is-nowrap is-layout-flex wp-container-core-group-is-layout-2dc08cea wp-block-group-is-layout-flex\">\n\n\n<p class=\"has-text-align-center\" style=\"margin-top:var(--wp--preset--spacing--10);margin-bottom:0\">Olivier GERMAIN<\/p>\n\n\n\n<p class=\"has-text-align-center has-contrast-3-color has-text-color has-small-font-size\" style=\"font-style:normal;font-weight:300\">Cr\u00e9ateur, g\u00e9rant REFLEXHAUT<\/p>\n<\/div>\n<\/div>\n<\/div>\n\n\n\n<div class=\"wp-block-group alignfull has-global-padding is-layout-constrained wp-container-core-group-is-layout-c7a42c40 wp-block-group-is-layout-constrained\" style=\"margin-top:0;margin-bottom:0;padding-top:var(--wp--preset--spacing--20);padding-right:var(--wp--preset--spacing--50);padding-bottom:var(--wp--preset--spacing--20);padding-left:var(--wp--preset--spacing--50)\">\n<div class=\"wp-block-group alignwide has-base-2-background-color has-background has-global-padding is-layout-constrained wp-container-core-group-is-layout-39412042 wp-block-group-is-layout-constrained\" style=\"border-radius:16px;padding-top:var(--wp--preset--spacing--40);padding-right:var(--wp--preset--spacing--50);padding-bottom:var(--wp--preset--spacing--40);padding-left:var(--wp--preset--spacing--50)\">\n<h2 class=\"wp-block-heading has-text-align-center has-x-large-font-size\">Formulaire de contact<\/h2>\n\n\n\n<p class=\"has-text-align-center\">Vous souhaitez \u00eatre rappel\u00e9 ?<\/p>\n\n\n\n<div class=\"wp-block-buttons is-content-justification-center is-layout-flex wp-container-core-buttons-is-layout-a89b3969 wp-block-buttons-is-layout-flex\">\n<div class=\"wp-block-button\"><a class=\"wp-block-button__link wp-element-button\" href=\"https:\/\/www.reflexhaut.fr\/gestion\/contact\/\">Contact<\/a><\/div>\n<\/div>\n<\/div>\n<\/div>\n","protected":false},"excerpt":{"rendered":"<p>A votre service depuis 2007 ! Vous souhaitez programmer un rendez-vous directement en ligne.Merci d&rsquo;utiliser ce nouveau syst\u00e8me de programmation. &#8211;Programmation du Lundi au Samedi. Pour le confort de tous, l&rsquo;accueil au locaux REFLEXHAUT se fait UNIQUEMENT sur rendez-vous pr\u00e9alable. SARL REFLEXHAUT Olivier GERMAIN Cr\u00e9ateur, g\u00e9rant REFLEXHAUT Formulaire de contact Vous souhaitez \u00eatre rappel\u00e9 ?<\/p>\n","protected":false},"author":1,"featured_media":0,"parent":0,"menu_order":0,"comment_status":"closed","ping_status":"closed","template":"","meta":{"footnotes":""},"class_list":["post-74","page","type-page","status-publish","hentry"],"_links":{"self":[{"href":"https:\/\/www.reflexhaut.fr\/gestion\/wp-json\/wp\/v2\/pages\/74","targetHints":{"allow":["GET"]}}],"collection":[{"href":"https:\/\/www.reflexhaut.fr\/gestion\/wp-json\/wp\/v2\/pages"}],"about":[{"href":"https:\/\/www.reflexhaut.fr\/gestion\/wp-json\/wp\/v2\/types\/page"}],"author":[{"embeddable":true,"href":"https:\/\/www.reflexhaut.fr\/gestion\/wp-json\/wp\/v2\/users\/1"}],"replies":[{"embeddable":true,"href":"https:\/\/www.reflexhaut.fr\/gestion\/wp-json\/wp\/v2\/comments?post=74"}],"version-history":[{"count":20,"href":"https:\/\/www.reflexhaut.fr\/gestion\/wp-json\/wp\/v2\/pages\/74\/revisions"}],"predecessor-version":[{"id":286,"href":"https:\/\/www.reflexhaut.fr\/gestion\/wp-json\/wp\/v2\/pages\/74\/revisions\/286"}],"wp:attachment":[{"href":"https:\/\/www.reflexhaut.fr\/gestion\/wp-json\/wp\/v2\/media?parent=74"}],"curies":[{"name":"wp","href":"https:\/\/api.w.org\/{rel}","templated":true}]}}