{"id":93,"date":"2024-02-22T12:29:01","date_gmt":"2024-02-22T11:29:01","guid":{"rendered":"https:\/\/www.reflexhaut.fr\/gestion\/?page_id=93"},"modified":"2026-01-22T10:29:25","modified_gmt":"2026-01-22T09:29:25","slug":"sarl-reflexhaut","status":"publish","type":"page","link":"https:\/\/www.reflexhaut.fr\/gestion\/sarl-reflexhaut\/","title":{"rendered":"SARL REFLEXHAUT"},"content":{"rendered":"\n<div class=\"wp-block-group alignfull has-base-2-background-color has-background has-global-padding is-layout-constrained wp-container-core-group-is-layout-669513ed wp-block-group-is-layout-constrained\" style=\"margin-top:0;margin-bottom:0;padding-top:var(--wp--preset--spacing--50);padding-right:var(--wp--preset--spacing--50);padding-bottom:var(--wp--preset--spacing--50);padding-left:var(--wp--preset--spacing--50)\">\n<div class=\"wp-block-group is-vertical is-content-justification-center is-layout-flex wp-container-core-group-is-layout-52b864f0 wp-block-group-is-layout-flex\">\n<h2 class=\"wp-block-heading has-text-align-center is-style-asterisk\"><em>A votre service depuis plus de 18 ans !<\/em><\/h2>\n\n\n\n<div style=\"height:0px\" aria-hidden=\"true\" class=\"wp-block-spacer wp-container-content-4f2ccadb\"><\/div>\n\n\n\n<p class=\"has-text-align-center\">Au service des professionnels, institutionnels, associations, mais aussi des particuliers depuis plus de 15ans.<br>REFLEXHAUT se veut une soci\u00e9t\u00e9 de production et d&rsquo;accompagnement proche de tous ses clients \u00e0 travers des valeurs de proximit\u00e9 et d&rsquo;accompagnement. Sp\u00e9cialis\u00e9 dans la production visuelle professionnelle et l&rsquo;accompagnement digital.<br>Services et comp\u00e9tences issues d&rsquo;un parcours professionnel et humain riches en exp\u00e9rience et rencontre.<br>Tout simplement le r\u00e9sultat d&rsquo;une passion sans faille pour l&rsquo;accompagnement humain et professionnel, r\u00e9sultat d\u00e9j\u00e0 de plus de 25ans de m\u00e9tier, de formation et de passion.<\/p>\n<\/div>\n\n\n\n<div style=\"margin-top:0;margin-bottom:0;height:var(--wp--preset--spacing--40)\" aria-hidden=\"true\" class=\"wp-block-spacer\"><\/div>\n\n\n\n<div class=\"wp-block-columns alignwide is-layout-flex wp-container-core-columns-is-layout-d0bbbce0 wp-block-columns-is-layout-flex\">\n<div class=\"wp-block-column is-layout-flow wp-container-core-column-is-layout-ce2ac7f4 wp-block-column-is-layout-flow\" style=\"padding-top:var(--wp--preset--spacing--10);padding-bottom:var(--wp--preset--spacing--10)\">\n<h3 class=\"wp-block-heading has-text-align-left is-style-asterisk has-body-font-family has-medium-font-size\" style=\"font-style:normal;font-weight:600\"><a href=\"https:\/\/www.reflexhaut.fr\/\" data-type=\"link\" data-id=\"https:\/\/www.reflexhaut.fr\/\" target=\"_blank\" rel=\"noreferrer noopener\">Studio REFLEXHAUT<\/a><\/h3>\n\n\n\n<p class=\"has-text-align-left\">Production Photographique pour les particuliers. Pour des prestations de haute qualit\u00e9 \u00e0 notre Studio Photo, mais aussi \u00e0 domicile ou en ext\u00e9rieur jusqu&rsquo;\u00e0 1h de Niort(79).<\/p>\n\n\n\n<ul class=\"wp-block-list\">\n<li>Photo Studio<\/li>\n\n\n\n<li>Famille &amp; Portrait<\/li>\n\n\n\n<li>Photo Grossesse<\/li>\n\n\n\n<li>Portrait Intimiste<\/li>\n\n\n\n<li>Photo Iris<\/li>\n\n\n\n<li>&#8230;<\/li>\n<\/ul>\n<\/div>\n\n\n\n<div class=\"wp-block-column is-layout-flow wp-container-core-column-is-layout-ce2ac7f4 wp-block-column-is-layout-flow\" style=\"padding-top:var(--wp--preset--spacing--10);padding-bottom:var(--wp--preset--spacing--10)\">\n<h3 class=\"wp-block-heading has-text-align-left is-style-asterisk has-body-font-family has-medium-font-size\" style=\"font-style:normal;font-weight:600\"><a href=\"https:\/\/www.reflexhaut.fr\/photographe-mariage\/\" target=\"_blank\" rel=\"noreferrer noopener\">Photographe &amp; Vid\u00e9aste de Mariage<\/a><\/h3>\n\n\n\n<p class=\"has-text-align-left\">Prestataire Photographe &amp; Vid\u00e9aste de Mariage et \u00e9v\u00e9nements priv\u00e9s pour mettre en image ces \u00e9v\u00e9nements uniques et personnels.<br>Nous proposons des prestations en SOLO, en DUO ou en \u00e9quipe de production professionnelle pour tous vos \u00e9v\u00e9nements.<\/p>\n\n\n\n<ul class=\"wp-block-list\">\n<li>Photographe de Mariage<\/li>\n\n\n\n<li>Vid\u00e9aste de Mariage<\/li>\n\n\n\n<li>Equipe de production &#8211; MARIAGE PROD<\/li>\n\n\n\n<li>Borne &amp; Animation Photobooth<\/li>\n<\/ul>\n<\/div>\n\n\n\n<div class=\"wp-block-column is-layout-flow wp-container-core-column-is-layout-ce2ac7f4 wp-block-column-is-layout-flow\" style=\"padding-top:var(--wp--preset--spacing--10);padding-bottom:var(--wp--preset--spacing--10)\">\n<h3 class=\"wp-block-heading has-text-align-left is-style-asterisk has-body-font-family has-medium-font-size\" style=\"font-style:normal;font-weight:600\"><a href=\"https:\/\/www.au45.fr\/photographe\/\" data-type=\"link\" data-id=\"https:\/\/www.au45.fr\/photographe\/\" target=\"_blank\" rel=\"noreferrer noopener\">Photographe Entreprise<\/a><\/h3>\n\n\n\n<p class=\"has-text-align-left\">Tous les services de production photographique pour les entreprises et collectivit\u00e9s.<\/p>\n\n\n\n<ul class=\"wp-block-list\">\n<li>Reportage Pro, Reportage Event<\/li>\n\n\n\n<li>Portrait Pro &amp; Portrait Corpo<\/li>\n\n\n\n<li>Photographie Publicitaire<\/li>\n\n\n\n<li>Photo A\u00e9rienne &amp; Drone Pro<\/li>\n\n\n\n<li>&#8230;<\/li>\n<\/ul>\n<\/div>\n<\/div>\n\n\n\n<div style=\"height:var(--wp--preset--spacing--20)\" aria-hidden=\"true\" class=\"wp-block-spacer\"><\/div>\n\n\n\n<div class=\"wp-block-columns alignwide is-layout-flex wp-container-core-columns-is-layout-d0bbbce0 wp-block-columns-is-layout-flex\">\n<div class=\"wp-block-column is-layout-flow wp-container-core-column-is-layout-ce2ac7f4 wp-block-column-is-layout-flow\" style=\"padding-top:var(--wp--preset--spacing--10);padding-bottom:var(--wp--preset--spacing--10)\">\n<h3 class=\"wp-block-heading has-text-align-left is-style-asterisk has-body-font-family has-medium-font-size\" style=\"font-style:normal;font-weight:600\"><a href=\"https:\/\/www.clipweb.fr\/\" target=\"_blank\" rel=\"noreferrer noopener\">ClipWeb.fr<\/a><\/h3>\n\n\n\n<p class=\"has-text-align-left\">Service de production vid\u00e9o, de captation vid\u00e9o et de production de Teaser et Clip Musicaux \u00e0 destination des associations et artistes ind\u00e9pendants professionnels ou amateurs.<\/p>\n\n\n\n<ul class=\"wp-block-list\">\n<li>Captation Spectacle<\/li>\n\n\n\n<li>Teaser Vid\u00e9o<\/li>\n\n\n\n<li>Clip Musical<\/li>\n\n\n\n<li>Film Promotionnel <\/li>\n<\/ul>\n<\/div>\n\n\n\n<div class=\"wp-block-column is-layout-flow wp-container-core-column-is-layout-ce2ac7f4 wp-block-column-is-layout-flow\" style=\"padding-top:var(--wp--preset--spacing--10);padding-bottom:var(--wp--preset--spacing--10)\">\n<h3 class=\"wp-block-heading has-text-align-left is-style-asterisk has-body-font-family has-medium-font-size\" style=\"font-style:normal;font-weight:600\"><a href=\"https:\/\/www.au45.fr\/\" target=\"_blank\" rel=\"noreferrer noopener\">Agence AU45.FR<\/a><\/h3>\n\n\n\n<p class=\"has-text-align-left\">Agence &amp; Studio de Production pour les professionnels<\/p>\n\n\n\n<p class=\"has-text-align-center\"><strong>PHOTOGRAPHIE CORPO<\/strong><br>Derri\u00e8re AU45.FR se \u00ab\u00a0cache\u00a0\u00bb en r\u00e9alit\u00e9 l&rsquo;exp\u00e9rience et l&rsquo;expertise de plus de 18 ans d&rsquo;accompagnement et d&rsquo;entreprenariat.<br>L&rsquo;image en tant qu&rsquo;outil d&rsquo;influence visuelle.<\/p>\n\n\n\n<p>Si vous \u00eates un pro, une institution, et avez besoin d&rsquo;un prestataire ind\u00e9pendant. Vous souhaitez professionnaliser votre image ?<br>Votre nouveau point d&rsquo;entr\u00e9 REFLEXHAUT d\u00e9di\u00e9.<\/p>\n<\/div>\n\n\n\n<div class=\"wp-block-column is-layout-flow wp-container-core-column-is-layout-ce2ac7f4 wp-block-column-is-layout-flow\" style=\"padding-top:var(--wp--preset--spacing--10);padding-bottom:var(--wp--preset--spacing--10)\">\n<h3 class=\"wp-block-heading has-text-align-left is-style-asterisk has-body-font-family has-medium-font-size\" style=\"font-style:normal;font-weight:600\">SARL REFLEXHAUT<\/h3>\n\n\n\n<p class=\"has-text-align-left\">SIRET (si\u00e8ge) : 494 528 334 00035<br>Forme juridique : SARL<br>Num\u00e9ro de TVA: FR84494528334<br>Inscription au RCS : NIORT, le 02\/03\/2007<br>Inscription au RNE : INSCRIT le 02\/03\/2007<br>Num\u00e9ro RCS : 494 528 334 R.C.S. Niort<br>Capital social : 7 700,00 \u20ac<\/p>\n<\/div>\n<\/div>\n<\/div>\n","protected":false},"excerpt":{"rendered":"<p>A votre service depuis plus de 18 ans ! Au service des professionnels, institutionnels, associations, mais aussi des particuliers depuis plus de 15ans.REFLEXHAUT se veut une soci\u00e9t\u00e9 de production et d&rsquo;accompagnement proche de tous ses clients \u00e0 travers des valeurs de proximit\u00e9 et d&rsquo;accompagnement. Sp\u00e9cialis\u00e9 dans la production visuelle professionnelle et l&rsquo;accompagnement digital.Services et comp\u00e9tences [&hellip;]<\/p>\n","protected":false},"author":1,"featured_media":0,"parent":0,"menu_order":0,"comment_status":"closed","ping_status":"closed","template":"","meta":{"footnotes":""},"class_list":["post-93","page","type-page","status-publish","hentry"],"_links":{"self":[{"href":"https:\/\/www.reflexhaut.fr\/gestion\/wp-json\/wp\/v2\/pages\/93","targetHints":{"allow":["GET"]}}],"collection":[{"href":"https:\/\/www.reflexhaut.fr\/gestion\/wp-json\/wp\/v2\/pages"}],"about":[{"href":"https:\/\/www.reflexhaut.fr\/gestion\/wp-json\/wp\/v2\/types\/page"}],"author":[{"embeddable":true,"href":"https:\/\/www.reflexhaut.fr\/gestion\/wp-json\/wp\/v2\/users\/1"}],"replies":[{"embeddable":true,"href":"https:\/\/www.reflexhaut.fr\/gestion\/wp-json\/wp\/v2\/comments?post=93"}],"version-history":[{"count":7,"href":"https:\/\/www.reflexhaut.fr\/gestion\/wp-json\/wp\/v2\/pages\/93\/revisions"}],"predecessor-version":[{"id":290,"href":"https:\/\/www.reflexhaut.fr\/gestion\/wp-json\/wp\/v2\/pages\/93\/revisions\/290"}],"wp:attachment":[{"href":"https:\/\/www.reflexhaut.fr\/gestion\/wp-json\/wp\/v2\/media?parent=93"}],"curies":[{"name":"wp","href":"https:\/\/api.w.org\/{rel}","templated":true}]}}