{"id":10,"date":"2022-05-03T23:57:23","date_gmt":"2022-05-03T21:57:23","guid":{"rendered":"https:\/\/www.reflexhaut.fr\/photographe-entreprise\/?page_id=10"},"modified":"2023-11-12T20:27:14","modified_gmt":"2023-11-12T19:27:14","slug":"film-video-entreprise","status":"publish","type":"page","link":"https:\/\/www.reflexhaut.fr\/photographe-entreprise\/film-video-entreprise\/","title":{"rendered":"Film et Vid\u00e9o d&rsquo;entreprise par REFLEXHAUT"},"content":{"rendered":"\n<h2 class=\"wp-block-heading\">Reportage Vid\u00e9o Pro &#8211; 79<\/h2>\n\n\n\n<p>Extrait d&rsquo;une r\u00e9alisation vid\u00e9o &#8211; Reportage vid\u00e9o pro<br>Vid\u00e9o d&rsquo;entreprise r\u00e9alis\u00e9e pour int\u00e9gration sur les m\u00e9dias sociaux et un site Internet pour promouvoir, r\u00e9f\u00e9rencer et am\u00e9liorer la notori\u00e9t\u00e9 du professionnel<\/p>\n\n\n\n<figure class=\"wp-block-embed is-type-video is-provider-youtube wp-block-embed-youtube wp-embed-aspect-16-9 wp-has-aspect-ratio\"><div class=\"wp-block-embed__wrapper\">\n<iframe loading=\"lazy\" title=\"NB Elagage - Elagueur-grimpeur - Niort 79 - Reportage Vid\u00e9o\" width=\"500\" height=\"281\" src=\"https:\/\/www.youtube.com\/embed\/g_pMSsMjS2g?feature=oembed\" frameborder=\"0\" allow=\"accelerometer; autoplay; clipboard-write; encrypted-media; gyroscope; picture-in-picture; web-share\" referrerpolicy=\"strict-origin-when-cross-origin\" allowfullscreen><\/iframe>\n<\/div><figcaption class=\"wp-element-caption\">Vid\u00e9o d&rsquo;entreprise par REFLEXHAUT<\/figcaption><\/figure>\n\n\n\n<p>Extrait vid\u00e9o entreprise<br>Vid\u00e9o d&rsquo;illustration web pour un artisan r\u00e9gional. Nicolas, \u00e9lagueur-grimpeur dipl\u00f4m\u00e9 bas\u00e9 \u00e0 la Cr\u00e8che (\u00e0 quelques minutes de Niort 79). NB ELAGAGE est sp\u00e9cialis\u00e9e dans les travaux d&rsquo;\u00e9lagages et d&rsquo;abattages difficiles aussi bien sur cordes que nacelle. Vid\u00e9o professionnelle r\u00e9alis\u00e9e et produite sur 2 jours de tournage avec des plans au sol et des plans semi a\u00e9rien \u00e0 l&rsquo;aide du drone pro REFLEXHAUT.<\/p>\n\n\n\n<hr class=\"wp-block-separator has-alpha-channel-opacity\"\/>\n\n\n\n<p><em><strong>Vous souhaitez en savoir plus sur les prestations et services audiovisuels propos\u00e9 par REFLEXHAUT ?<br>N&rsquo;h\u00e9sitez pas \u00e0 retrouver \u00e9galement tous nos services de production vid\u00e9o et d&rsquo;audiovisuelle \u00e0 travers notre nouvelle marque d\u00e9di\u00e9e aux professionnels et entreprises \u00e0 travers les services <a href=\"https:\/\/www.au45.fr\/production-audiovisuelle\/\" target=\"_blank\" rel=\"noreferrer noopener\">Au45.fr &#8211; Production<\/a> <\/strong><\/em><br>Vous y retrouverez l&rsquo;expertise et l&rsquo;exp\u00e9rience REFLEXHAUT \u00e0 travers le nouveau collectif de production pour encore mieux r\u00e9pondre \u00e0 toutes vos demandes, et vos besoins visuels &#8230;<\/p>\n\n\n\n<hr class=\"wp-block-separator has-alpha-channel-opacity\"\/>\n\n\n\n<figure class=\"wp-block-image size-full\"><img loading=\"lazy\" decoding=\"async\" width=\"700\" height=\"60\" src=\"https:\/\/www.reflexhaut.fr\/photographe-entreprise\/wp-content\/uploads\/2023\/11\/bandeau-bas-de-page-site.jpg\" alt=\"Studio de Production - Photographe \/ Vid\u00e9aste Entreprise\" class=\"wp-image-376\" srcset=\"https:\/\/www.reflexhaut.fr\/photographe-entreprise\/wp-content\/uploads\/2023\/11\/bandeau-bas-de-page-site.jpg 700w, https:\/\/www.reflexhaut.fr\/photographe-entreprise\/wp-content\/uploads\/2023\/11\/bandeau-bas-de-page-site-300x26.jpg 300w\" sizes=\"auto, (max-width: 700px) 100vw, 700px\" \/><\/figure>\n\n\n\n<p>Vid\u00e9aste r\u00e9alisateur professionnel bas\u00e9 \u00e0 10 min de NIORT (79), prestation vid\u00e9o dans tout le grand Ouest<br>Nous contacter : T\u00e9l : 05 49 35 72 77 ou 05 79 68 00 03<\/p>\n","protected":false},"excerpt":{"rendered":"<p>Reportage Vid\u00e9o Pro &#8211; 79 Extrait d&rsquo;une r\u00e9alisation vid\u00e9o &#8211; Reportage vid\u00e9o proVid\u00e9o d&rsquo;entreprise r\u00e9alis\u00e9e pour int\u00e9gration sur les m\u00e9dias sociaux et un site Internet pour promouvoir, r\u00e9f\u00e9rencer et am\u00e9liorer la notori\u00e9t\u00e9 du professionnel Extrait vid\u00e9o entrepriseVid\u00e9o d&rsquo;illustration web pour un artisan r\u00e9gional. Nicolas, \u00e9lagueur-grimpeur dipl\u00f4m\u00e9 bas\u00e9 \u00e0 la Cr\u00e8che (\u00e0 quelques minutes de Niort [&hellip;]<\/p>\n","protected":false},"author":1,"featured_media":0,"parent":0,"menu_order":0,"comment_status":"closed","ping_status":"closed","template":"","meta":{"footnotes":""},"class_list":["post-10","page","type-page","status-publish","hentry"],"yoast_head":"<!-- This site is optimized with the Yoast SEO plugin v27.3 - https:\/\/yoast.com\/product\/yoast-seo-wordpress\/ -->\n<title>Film et Vid\u00e9o d&#039;entreprise par REFLEXHAUT - Photographe Entreprise Niort - Poitou-Charentes - Pays de la Loire<\/title>\n<meta name=\"robots\" content=\"index, follow, max-snippet:-1, max-image-preview:large, max-video-preview:-1\" \/>\n<link rel=\"canonical\" href=\"https:\/\/www.reflexhaut.fr\/photographe-entreprise\/film-video-entreprise\/\" \/>\n<meta property=\"og:locale\" content=\"fr_FR\" \/>\n<meta property=\"og:type\" content=\"article\" \/>\n<meta property=\"og:title\" content=\"Film et Vid\u00e9o d&#039;entreprise par REFLEXHAUT - Photographe Entreprise Niort - Poitou-Charentes - Pays de la Loire\" \/>\n<meta property=\"og:description\" content=\"Reportage Vid\u00e9o Pro &#8211; 79 Extrait d&rsquo;une r\u00e9alisation vid\u00e9o &#8211; Reportage vid\u00e9o proVid\u00e9o d&rsquo;entreprise r\u00e9alis\u00e9e pour int\u00e9gration sur les m\u00e9dias sociaux et un site Internet pour promouvoir, r\u00e9f\u00e9rencer et am\u00e9liorer la notori\u00e9t\u00e9 du professionnel Extrait vid\u00e9o entrepriseVid\u00e9o d&rsquo;illustration web pour un artisan r\u00e9gional. Nicolas, \u00e9lagueur-grimpeur dipl\u00f4m\u00e9 bas\u00e9 \u00e0 la Cr\u00e8che (\u00e0 quelques minutes de Niort [&hellip;]\" \/>\n<meta property=\"og:url\" content=\"https:\/\/www.reflexhaut.fr\/photographe-entreprise\/film-video-entreprise\/\" \/>\n<meta property=\"og:site_name\" content=\"Photographe Entreprise Niort - Poitou-Charentes - Pays de la Loire\" \/>\n<meta property=\"article:publisher\" content=\"https:\/\/www.facebook.com\/reflexhaut.production\" \/>\n<meta property=\"article:modified_time\" content=\"2023-11-12T19:27:14+00:00\" \/>\n<meta property=\"og:image\" content=\"https:\/\/www.reflexhaut.fr\/photographe-entreprise\/wp-content\/uploads\/2023\/11\/bandeau-bas-de-page-site.jpg\" \/>\n<meta name=\"twitter:card\" content=\"summary_large_image\" \/>\n<meta name=\"twitter:label1\" content=\"Dur\u00e9e de lecture estim\u00e9e\" \/>\n\t<meta name=\"twitter:data1\" content=\"2 minutes\" \/>\n<script type=\"application\/ld+json\" class=\"yoast-schema-graph\">{\"@context\":\"https:\\\/\\\/schema.org\",\"@graph\":[{\"@type\":\"WebPage\",\"@id\":\"https:\\\/\\\/www.reflexhaut.fr\\\/photographe-entreprise\\\/film-video-entreprise\\\/\",\"url\":\"https:\\\/\\\/www.reflexhaut.fr\\\/photographe-entreprise\\\/film-video-entreprise\\\/\",\"name\":\"Film et Vid\u00e9o d'entreprise par REFLEXHAUT - Photographe Entreprise Niort - Poitou-Charentes - Pays de la Loire\",\"isPartOf\":{\"@id\":\"https:\\\/\\\/www.reflexhaut.fr\\\/photographe-entreprise\\\/#website\"},\"primaryImageOfPage\":{\"@id\":\"https:\\\/\\\/www.reflexhaut.fr\\\/photographe-entreprise\\\/film-video-entreprise\\\/#primaryimage\"},\"image\":{\"@id\":\"https:\\\/\\\/www.reflexhaut.fr\\\/photographe-entreprise\\\/film-video-entreprise\\\/#primaryimage\"},\"thumbnailUrl\":\"https:\\\/\\\/www.reflexhaut.fr\\\/photographe-entreprise\\\/wp-content\\\/uploads\\\/2023\\\/11\\\/bandeau-bas-de-page-site.jpg\",\"datePublished\":\"2022-05-03T21:57:23+00:00\",\"dateModified\":\"2023-11-12T19:27:14+00:00\",\"breadcrumb\":{\"@id\":\"https:\\\/\\\/www.reflexhaut.fr\\\/photographe-entreprise\\\/film-video-entreprise\\\/#breadcrumb\"},\"inLanguage\":\"fr-FR\",\"potentialAction\":[{\"@type\":\"ReadAction\",\"target\":[\"https:\\\/\\\/www.reflexhaut.fr\\\/photographe-entreprise\\\/film-video-entreprise\\\/\"]}]},{\"@type\":\"ImageObject\",\"inLanguage\":\"fr-FR\",\"@id\":\"https:\\\/\\\/www.reflexhaut.fr\\\/photographe-entreprise\\\/film-video-entreprise\\\/#primaryimage\",\"url\":\"https:\\\/\\\/www.reflexhaut.fr\\\/photographe-entreprise\\\/wp-content\\\/uploads\\\/2023\\\/11\\\/bandeau-bas-de-page-site.jpg\",\"contentUrl\":\"https:\\\/\\\/www.reflexhaut.fr\\\/photographe-entreprise\\\/wp-content\\\/uploads\\\/2023\\\/11\\\/bandeau-bas-de-page-site.jpg\",\"width\":700,\"height\":60,\"caption\":\"Studio de Production - Photographe \\\/ Vid\u00e9aste Entreprise\"},{\"@type\":\"BreadcrumbList\",\"@id\":\"https:\\\/\\\/www.reflexhaut.fr\\\/photographe-entreprise\\\/film-video-entreprise\\\/#breadcrumb\",\"itemListElement\":[{\"@type\":\"ListItem\",\"position\":1,\"name\":\"Accueil\",\"item\":\"https:\\\/\\\/www.reflexhaut.fr\\\/photographe-entreprise\\\/\"},{\"@type\":\"ListItem\",\"position\":2,\"name\":\"Film et Vid\u00e9o d&rsquo;entreprise par REFLEXHAUT\"}]},{\"@type\":\"WebSite\",\"@id\":\"https:\\\/\\\/www.reflexhaut.fr\\\/photographe-entreprise\\\/#website\",\"url\":\"https:\\\/\\\/www.reflexhaut.fr\\\/photographe-entreprise\\\/\",\"name\":\"Photographe Entreprise Niort - Poitou-Charentes - Pays de la Loire\",\"description\":\"REFLEXHAUT . Entreprise\",\"publisher\":{\"@id\":\"https:\\\/\\\/www.reflexhaut.fr\\\/photographe-entreprise\\\/#organization\"},\"potentialAction\":[{\"@type\":\"SearchAction\",\"target\":{\"@type\":\"EntryPoint\",\"urlTemplate\":\"https:\\\/\\\/www.reflexhaut.fr\\\/photographe-entreprise\\\/?s={search_term_string}\"},\"query-input\":{\"@type\":\"PropertyValueSpecification\",\"valueRequired\":true,\"valueName\":\"search_term_string\"}}],\"inLanguage\":\"fr-FR\"},{\"@type\":\"Organization\",\"@id\":\"https:\\\/\\\/www.reflexhaut.fr\\\/photographe-entreprise\\\/#organization\",\"name\":\"Photographe Entreprise Niort - Poitou-Charentes - Pays de la Loire\",\"url\":\"https:\\\/\\\/www.reflexhaut.fr\\\/photographe-entreprise\\\/\",\"logo\":{\"@type\":\"ImageObject\",\"inLanguage\":\"fr-FR\",\"@id\":\"https:\\\/\\\/www.reflexhaut.fr\\\/photographe-entreprise\\\/#\\\/schema\\\/logo\\\/image\\\/\",\"url\":\"https:\\\/\\\/www.reflexhaut.fr\\\/photographe-entreprise\\\/wp-content\\\/uploads\\\/2022\\\/08\\\/Photographe-Entreprise-REFLEXHAUT-20220831a_1x1.jpg\",\"contentUrl\":\"https:\\\/\\\/www.reflexhaut.fr\\\/photographe-entreprise\\\/wp-content\\\/uploads\\\/2022\\\/08\\\/Photographe-Entreprise-REFLEXHAUT-20220831a_1x1.jpg\",\"width\":600,\"height\":600,\"caption\":\"Photographe Entreprise Niort - Poitou-Charentes - Pays de la Loire\"},\"image\":{\"@id\":\"https:\\\/\\\/www.reflexhaut.fr\\\/photographe-entreprise\\\/#\\\/schema\\\/logo\\\/image\\\/\"},\"sameAs\":[\"https:\\\/\\\/www.facebook.com\\\/reflexhaut.production\",\"https:\\\/\\\/www.instagram.com\\\/reflexhaut.production\\\/\"]}]}<\/script>\n<!-- \/ Yoast SEO plugin. -->","yoast_head_json":{"title":"Film et Vid\u00e9o d'entreprise par REFLEXHAUT - Photographe Entreprise Niort - Poitou-Charentes - Pays de la Loire","robots":{"index":"index","follow":"follow","max-snippet":"max-snippet:-1","max-image-preview":"max-image-preview:large","max-video-preview":"max-video-preview:-1"},"canonical":"https:\/\/www.reflexhaut.fr\/photographe-entreprise\/film-video-entreprise\/","og_locale":"fr_FR","og_type":"article","og_title":"Film et Vid\u00e9o d'entreprise par REFLEXHAUT - Photographe Entreprise Niort - Poitou-Charentes - Pays de la Loire","og_description":"Reportage Vid\u00e9o Pro &#8211; 79 Extrait d&rsquo;une r\u00e9alisation vid\u00e9o &#8211; Reportage vid\u00e9o proVid\u00e9o d&rsquo;entreprise r\u00e9alis\u00e9e pour int\u00e9gration sur les m\u00e9dias sociaux et un site Internet pour promouvoir, r\u00e9f\u00e9rencer et am\u00e9liorer la notori\u00e9t\u00e9 du professionnel Extrait vid\u00e9o entrepriseVid\u00e9o d&rsquo;illustration web pour un artisan r\u00e9gional. Nicolas, \u00e9lagueur-grimpeur dipl\u00f4m\u00e9 bas\u00e9 \u00e0 la Cr\u00e8che (\u00e0 quelques minutes de Niort [&hellip;]","og_url":"https:\/\/www.reflexhaut.fr\/photographe-entreprise\/film-video-entreprise\/","og_site_name":"Photographe Entreprise Niort - Poitou-Charentes - Pays de la Loire","article_publisher":"https:\/\/www.facebook.com\/reflexhaut.production","article_modified_time":"2023-11-12T19:27:14+00:00","og_image":[{"url":"https:\/\/www.reflexhaut.fr\/photographe-entreprise\/wp-content\/uploads\/2023\/11\/bandeau-bas-de-page-site.jpg","type":"","width":"","height":""}],"twitter_card":"summary_large_image","twitter_misc":{"Dur\u00e9e de lecture estim\u00e9e":"2 minutes"},"schema":{"@context":"https:\/\/schema.org","@graph":[{"@type":"WebPage","@id":"https:\/\/www.reflexhaut.fr\/photographe-entreprise\/film-video-entreprise\/","url":"https:\/\/www.reflexhaut.fr\/photographe-entreprise\/film-video-entreprise\/","name":"Film et Vid\u00e9o d'entreprise par REFLEXHAUT - Photographe Entreprise Niort - Poitou-Charentes - Pays de la Loire","isPartOf":{"@id":"https:\/\/www.reflexhaut.fr\/photographe-entreprise\/#website"},"primaryImageOfPage":{"@id":"https:\/\/www.reflexhaut.fr\/photographe-entreprise\/film-video-entreprise\/#primaryimage"},"image":{"@id":"https:\/\/www.reflexhaut.fr\/photographe-entreprise\/film-video-entreprise\/#primaryimage"},"thumbnailUrl":"https:\/\/www.reflexhaut.fr\/photographe-entreprise\/wp-content\/uploads\/2023\/11\/bandeau-bas-de-page-site.jpg","datePublished":"2022-05-03T21:57:23+00:00","dateModified":"2023-11-12T19:27:14+00:00","breadcrumb":{"@id":"https:\/\/www.reflexhaut.fr\/photographe-entreprise\/film-video-entreprise\/#breadcrumb"},"inLanguage":"fr-FR","potentialAction":[{"@type":"ReadAction","target":["https:\/\/www.reflexhaut.fr\/photographe-entreprise\/film-video-entreprise\/"]}]},{"@type":"ImageObject","inLanguage":"fr-FR","@id":"https:\/\/www.reflexhaut.fr\/photographe-entreprise\/film-video-entreprise\/#primaryimage","url":"https:\/\/www.reflexhaut.fr\/photographe-entreprise\/wp-content\/uploads\/2023\/11\/bandeau-bas-de-page-site.jpg","contentUrl":"https:\/\/www.reflexhaut.fr\/photographe-entreprise\/wp-content\/uploads\/2023\/11\/bandeau-bas-de-page-site.jpg","width":700,"height":60,"caption":"Studio de Production - Photographe \/ Vid\u00e9aste Entreprise"},{"@type":"BreadcrumbList","@id":"https:\/\/www.reflexhaut.fr\/photographe-entreprise\/film-video-entreprise\/#breadcrumb","itemListElement":[{"@type":"ListItem","position":1,"name":"Accueil","item":"https:\/\/www.reflexhaut.fr\/photographe-entreprise\/"},{"@type":"ListItem","position":2,"name":"Film et Vid\u00e9o d&rsquo;entreprise par REFLEXHAUT"}]},{"@type":"WebSite","@id":"https:\/\/www.reflexhaut.fr\/photographe-entreprise\/#website","url":"https:\/\/www.reflexhaut.fr\/photographe-entreprise\/","name":"Photographe Entreprise Niort - Poitou-Charentes - Pays de la Loire","description":"REFLEXHAUT . Entreprise","publisher":{"@id":"https:\/\/www.reflexhaut.fr\/photographe-entreprise\/#organization"},"potentialAction":[{"@type":"SearchAction","target":{"@type":"EntryPoint","urlTemplate":"https:\/\/www.reflexhaut.fr\/photographe-entreprise\/?s={search_term_string}"},"query-input":{"@type":"PropertyValueSpecification","valueRequired":true,"valueName":"search_term_string"}}],"inLanguage":"fr-FR"},{"@type":"Organization","@id":"https:\/\/www.reflexhaut.fr\/photographe-entreprise\/#organization","name":"Photographe Entreprise Niort - Poitou-Charentes - Pays de la Loire","url":"https:\/\/www.reflexhaut.fr\/photographe-entreprise\/","logo":{"@type":"ImageObject","inLanguage":"fr-FR","@id":"https:\/\/www.reflexhaut.fr\/photographe-entreprise\/#\/schema\/logo\/image\/","url":"https:\/\/www.reflexhaut.fr\/photographe-entreprise\/wp-content\/uploads\/2022\/08\/Photographe-Entreprise-REFLEXHAUT-20220831a_1x1.jpg","contentUrl":"https:\/\/www.reflexhaut.fr\/photographe-entreprise\/wp-content\/uploads\/2022\/08\/Photographe-Entreprise-REFLEXHAUT-20220831a_1x1.jpg","width":600,"height":600,"caption":"Photographe Entreprise Niort - Poitou-Charentes - Pays de la Loire"},"image":{"@id":"https:\/\/www.reflexhaut.fr\/photographe-entreprise\/#\/schema\/logo\/image\/"},"sameAs":["https:\/\/www.facebook.com\/reflexhaut.production","https:\/\/www.instagram.com\/reflexhaut.production\/"]}]}},"_links":{"self":[{"href":"https:\/\/www.reflexhaut.fr\/photographe-entreprise\/wp-json\/wp\/v2\/pages\/10","targetHints":{"allow":["GET"]}}],"collection":[{"href":"https:\/\/www.reflexhaut.fr\/photographe-entreprise\/wp-json\/wp\/v2\/pages"}],"about":[{"href":"https:\/\/www.reflexhaut.fr\/photographe-entreprise\/wp-json\/wp\/v2\/types\/page"}],"author":[{"embeddable":true,"href":"https:\/\/www.reflexhaut.fr\/photographe-entreprise\/wp-json\/wp\/v2\/users\/1"}],"replies":[{"embeddable":true,"href":"https:\/\/www.reflexhaut.fr\/photographe-entreprise\/wp-json\/wp\/v2\/comments?post=10"}],"version-history":[{"count":8,"href":"https:\/\/www.reflexhaut.fr\/photographe-entreprise\/wp-json\/wp\/v2\/pages\/10\/revisions"}],"predecessor-version":[{"id":417,"href":"https:\/\/www.reflexhaut.fr\/photographe-entreprise\/wp-json\/wp\/v2\/pages\/10\/revisions\/417"}],"wp:attachment":[{"href":"https:\/\/www.reflexhaut.fr\/photographe-entreprise\/wp-json\/wp\/v2\/media?parent=10"}],"curies":[{"name":"wp","href":"https:\/\/api.w.org\/{rel}","templated":true}]}}