
    
    {"id":118,"date":"2022-05-04T15:41:14","date_gmt":"2022-05-04T13:41:14","guid":{"rendered":"https:\/\/www.reflexhaut.fr\/photographe-entreprise\/?page_id=118"},"modified":"2024-05-08T01:43:00","modified_gmt":"2024-05-07T23:43:00","slug":"photographie-360-visite-virtuelle-niort","status":"publish","type":"page","link":"https:\/\/www.reflexhaut.fr\/photographe-entreprise\/photographie-360-visite-virtuelle-niort\/","title":{"rendered":"360\u00b0 &#038; Visite virtuelle &#8211; Niort"},"content":{"rendered":"\n<h2 class=\"wp-block-heading\">Photographe &#8211; Photographie 360 panoramique &amp; visite virtuelle<\/h2>\n\n\n\n<p>Des solutions techniques et le savoir faire d&rsquo;un v\u00e9ritable photographe pour m\u00ealer la qualit\u00e9 d&rsquo;image et du savoir-faire aux nouvelles solutions techniques pour vous immerger dans des v\u00e9ritables panoramiques en version tr\u00e8s haute d\u00e9finition&#8230;<\/p>\n\n\n\n<h3 class=\"wp-block-heading\">Promotion Touristique &#8211; Poitou-Charentes<\/h3>\n\n\n<div class=\"wp-block-panorama-image-3d\" id='bBlocksImage3DViewer-1' data-attributes='{&quot;imageUrl&quot;:&quot;https:\\\/\\\/www.reflexhaut.fr\\\/photographe-entreprise\\\/wp-content\\\/uploads\\\/2022\\\/08\\\/Visite_Virtuelle-Photo360_R0010028_20210701163837-scaled.jpg&quot;,&quot;options&quot;:{&quot;autoRotate&quot;:true,&quot;autoRotateSpeed&quot;:&quot;1&quot;,&quot;autoRotateInactivityDelay&quot;:3000,&quot;hideDefaultCtrl&quot;:false,&quot;initialView&quot;:false,&quot;initialPosition&quot;:{&quot;x&quot;:0,&quot;y&quot;:0,&quot;z&quot;:0},&quot;isDeviceMotion&quot;:false},&quot;layout&quot;:{&quot;alignSl&quot;:{&quot;desktop&quot;:&quot;center&quot;,&quot;tablet&quot;:&quot;center&quot;,&quot;mobile&quot;:&quot;center&quot;},&quot;width&quot;:{&quot;desktop&quot;:&quot;100%&quot;,&quot;tablet&quot;:&quot;100%&quot;,&quot;mobile&quot;:&quot;100%&quot;},&quot;height&quot;:{&quot;desktop&quot;:&quot;320px&quot;,&quot;tablet&quot;:&quot;320px&quot;,&quot;mobile&quot;:&quot;320px&quot;},&quot;buttonColors&quot;:{&quot;color&quot;:&quot;&quot;,&quot;bg&quot;:&quot;&quot;},&quot;buttonHoverColors&quot;:{&quot;color&quot;:&quot;&quot;,&quot;bg&quot;:&quot;&quot;}}}'><\/div>\n\n\n\n<hr class=\"wp-block-separator has-alpha-channel-opacity\"\/>\n\n\n\n<h3 class=\"wp-block-heading\">Promotion immobili\u00e8re &#8211; Visite Virtuelle<\/h3>\n\n\n<div class=\"wp-block-panorama-image-3d\" id='bBlocksImage3DViewer-2' data-attributes='{&quot;imageUrl&quot;:&quot;https:\\\/\\\/www.reflexhaut.fr\\\/photographe-entreprise\\\/wp-content\\\/uploads\\\/2022\\\/08\\\/0_360x2b-scaled.jpg&quot;,&quot;options&quot;:{&quot;autoRotate&quot;:true,&quot;autoRotateSpeed&quot;:&quot;1&quot;,&quot;autoRotateInactivityDelay&quot;:3000,&quot;hideDefaultCtrl&quot;:false,&quot;initialView&quot;:false,&quot;initialPosition&quot;:{&quot;x&quot;:0,&quot;y&quot;:0,&quot;z&quot;:0},&quot;isDeviceMotion&quot;:false},&quot;layout&quot;:{&quot;alignSl&quot;:{&quot;desktop&quot;:&quot;center&quot;,&quot;tablet&quot;:&quot;center&quot;,&quot;mobile&quot;:&quot;center&quot;},&quot;width&quot;:{&quot;desktop&quot;:&quot;100%&quot;,&quot;tablet&quot;:&quot;100%&quot;,&quot;mobile&quot;:&quot;100%&quot;},&quot;height&quot;:{&quot;desktop&quot;:&quot;320px&quot;,&quot;tablet&quot;:&quot;320px&quot;,&quot;mobile&quot;:&quot;320px&quot;},&quot;buttonColors&quot;:{&quot;color&quot;:&quot;&quot;,&quot;bg&quot;:&quot;&quot;},&quot;buttonHoverColors&quot;:{&quot;color&quot;:&quot;&quot;,&quot;bg&quot;:&quot;&quot;}}}'><\/div>\n\n\n\n<p><\/p>\n\n\n\n<hr class=\"wp-block-separator has-alpha-channel-opacity\"\/>\n\n\n\n<figure class=\"wp-block-image size-full is-resized\"><img loading=\"lazy\" decoding=\"async\" width=\"680\" height=\"189\" src=\"https:\/\/www.reflexhaut.fr\/photographe-entreprise\/wp-content\/uploads\/2023\/11\/mini_Photo_Panoramique_Niort_REFLEXHAUT.jpg\" alt=\"\" class=\"wp-image-392\" style=\"width:910px;height:auto\" title=\"Panoramique \u00e0 15m de hauteur - Niort 79\" srcset=\"https:\/\/www.reflexhaut.fr\/photographe-entreprise\/wp-content\/uploads\/2023\/11\/mini_Photo_Panoramique_Niort_REFLEXHAUT.jpg 680w, https:\/\/www.reflexhaut.fr\/photographe-entreprise\/wp-content\/uploads\/2023\/11\/mini_Photo_Panoramique_Niort_REFLEXHAUT-300x83.jpg 300w\" sizes=\"auto, (max-width: 680px) 100vw, 680px\" \/><figcaption class=\"wp-element-caption\">Olivier GERMAIN &#8211; Photographe REFLEXHAUT<\/figcaption><\/figure>\n\n\n\n<figure class=\"wp-block-image size-large\"><img loading=\"lazy\" decoding=\"async\" width=\"1024\" height=\"142\" src=\"https:\/\/www.reflexhaut.fr\/photographe-entreprise\/wp-content\/uploads\/2023\/11\/Photo_Panoramique_Niort_REFLEXHAUT-1024x142.jpg\" alt=\"\" class=\"wp-image-393\" title=\"Panoramique 360\u00b0 - 15m de hauteur - Niort 79\" srcset=\"https:\/\/www.reflexhaut.fr\/photographe-entreprise\/wp-content\/uploads\/2023\/11\/Photo_Panoramique_Niort_REFLEXHAUT-1024x142.jpg 1024w, https:\/\/www.reflexhaut.fr\/photographe-entreprise\/wp-content\/uploads\/2023\/11\/Photo_Panoramique_Niort_REFLEXHAUT-300x42.jpg 300w, https:\/\/www.reflexhaut.fr\/photographe-entreprise\/wp-content\/uploads\/2023\/11\/Photo_Panoramique_Niort_REFLEXHAUT-768x107.jpg 768w, https:\/\/www.reflexhaut.fr\/photographe-entreprise\/wp-content\/uploads\/2023\/11\/Photo_Panoramique_Niort_REFLEXHAUT-1536x214.jpg 1536w, https:\/\/www.reflexhaut.fr\/photographe-entreprise\/wp-content\/uploads\/2023\/11\/Photo_Panoramique_Niort_REFLEXHAUT-2048x285.jpg 2048w\" sizes=\"auto, (max-width: 1024px) 100vw, 1024px\" \/><figcaption class=\"wp-element-caption\">Olivier GERMAIN &#8211; Photographe REFLEXHAUT<\/figcaption><\/figure>\n\n\n\n<p>Depuis 2017, nouvelles solutions techniques d&rsquo;int\u00e9gration pour la diffusion d&rsquo;image 360\u00b0 sur les r\u00e9seaux sociaux, Youtube et\/ou l&rsquo;int\u00e9gration de visionnage via casque de r\u00e9alit\u00e9 virtuelle et 360\u00b0.&nbsp;<br>Pour en savoir plus sur ce service, ne pas h\u00e9siter \u00e0 prendre directement contact avec le studio. Et les panoramiques 360\u00b0, c&rsquo;est d\u00e9sormais et aussi en version vid\u00e9o immersive&#8230;<\/p>\n\n\n\n<h4 class=\"wp-block-heading has-text-align-center\">Photographe&nbsp;Entreprise &#8211; Visite virtuelle &#8211; Photo 360\u00b0&nbsp;&#8211; Photo Panoramique<\/h4>\n\n\n\n<figure class=\"wp-block-image aligncenter size-full\"><img loading=\"lazy\" decoding=\"async\" width=\"700\" height=\"60\" src=\"https:\/\/www.reflexhaut.fr\/photographe-entreprise\/wp-content\/uploads\/2023\/11\/bandeau-bas-de-page-site.jpg\" alt=\"Studio de Production - Photographe \/ Vid\u00e9aste Entreprise\" class=\"wp-image-376\" srcset=\"https:\/\/www.reflexhaut.fr\/photographe-entreprise\/wp-content\/uploads\/2023\/11\/bandeau-bas-de-page-site.jpg 700w, https:\/\/www.reflexhaut.fr\/photographe-entreprise\/wp-content\/uploads\/2023\/11\/bandeau-bas-de-page-site-300x26.jpg 300w\" sizes=\"auto, (max-width: 700px) 100vw, 700px\" \/><\/figure>\n\n\n\n<p><\/p>\n","protected":false},"excerpt":{"rendered":"<p>Photographe &#8211; Photographie 360 panoramique &amp; visite virtuelle Des solutions techniques et le savoir faire d&rsquo;un v\u00e9ritable photographe pour m\u00ealer la qualit\u00e9 d&rsquo;image et du savoir-faire aux nouvelles solutions techniques pour vous immerger dans des v\u00e9ritables panoramiques en version tr\u00e8s haute d\u00e9finition&#8230; Promotion Touristique &#8211; Poitou-Charentes Promotion immobili\u00e8re &#8211; Visite Virtuelle Depuis 2017, nouvelles solutions [&hellip;]<\/p>\n","protected":false},"author":1,"featured_media":0,"parent":0,"menu_order":0,"comment_status":"closed","ping_status":"closed","template":"","meta":{"footnotes":""},"class_list":["post-118","page","type-page","status-publish","hentry"],"yoast_head":"<!-- This site is optimized with the Yoast SEO plugin v27.6 - https:\/\/yoast.com\/product\/yoast-seo-wordpress\/ -->\n<title>360\u00b0 &amp; Visite virtuelle - Niort - Photographe Entreprise Niort - Poitou-Charentes - Pays de la Loire<\/title>\n<meta name=\"description\" content=\"Photographe pro - R\u00e9alisation de vos photographies 360 et visites virtuelles sur Niort et sa r\u00e9gion.\" \/>\n<meta name=\"robots\" content=\"index, follow, max-snippet:-1, max-image-preview:large, max-video-preview:-1\" \/>\n<link rel=\"canonical\" href=\"https:\/\/www.reflexhaut.fr\/photographe-entreprise\/photographie-360-visite-virtuelle-niort\/\" \/>\n<meta property=\"og:locale\" content=\"fr_FR\" \/>\n<meta property=\"og:type\" content=\"article\" \/>\n<meta property=\"og:title\" content=\"360\u00b0 &amp; Visite virtuelle - Niort - Photographe Entreprise Niort - Poitou-Charentes - Pays de la Loire\" \/>\n<meta property=\"og:description\" content=\"Photographe pro - R\u00e9alisation de vos photographies 360 et visites virtuelles sur Niort et sa r\u00e9gion.\" \/>\n<meta property=\"og:url\" content=\"https:\/\/www.reflexhaut.fr\/photographe-entreprise\/photographie-360-visite-virtuelle-niort\/\" \/>\n<meta property=\"og:site_name\" content=\"Photographe Entreprise Niort - Poitou-Charentes - Pays de la Loire\" \/>\n<meta property=\"article:publisher\" content=\"https:\/\/www.facebook.com\/reflexhaut.production\" \/>\n<meta property=\"article:modified_time\" content=\"2024-05-07T23:43:00+00:00\" \/>\n<meta property=\"og:image\" content=\"https:\/\/www.reflexhaut.fr\/photographe-entreprise\/wp-content\/uploads\/2023\/11\/mini_Photo_Panoramique_Niort_REFLEXHAUT.jpg\" \/>\n<meta name=\"twitter:card\" content=\"summary_large_image\" \/>\n<meta name=\"twitter:label1\" content=\"Dur\u00e9e de lecture estim\u00e9e\" \/>\n\t<meta name=\"twitter:data1\" content=\"2 minutes\" \/>\n<script type=\"application\/ld+json\" class=\"yoast-schema-graph\">{\"@context\":\"https:\\\/\\\/schema.org\",\"@graph\":[{\"@type\":\"WebPage\",\"@id\":\"https:\\\/\\\/www.reflexhaut.fr\\\/photographe-entreprise\\\/photographie-360-visite-virtuelle-niort\\\/\",\"url\":\"https:\\\/\\\/www.reflexhaut.fr\\\/photographe-entreprise\\\/photographie-360-visite-virtuelle-niort\\\/\",\"name\":\"360\u00b0 & Visite virtuelle - Niort - Photographe Entreprise Niort - Poitou-Charentes - Pays de la Loire\",\"isPartOf\":{\"@id\":\"https:\\\/\\\/www.reflexhaut.fr\\\/photographe-entreprise\\\/#website\"},\"primaryImageOfPage\":{\"@id\":\"https:\\\/\\\/www.reflexhaut.fr\\\/photographe-entreprise\\\/photographie-360-visite-virtuelle-niort\\\/#primaryimage\"},\"image\":{\"@id\":\"https:\\\/\\\/www.reflexhaut.fr\\\/photographe-entreprise\\\/photographie-360-visite-virtuelle-niort\\\/#primaryimage\"},\"thumbnailUrl\":\"https:\\\/\\\/www.reflexhaut.fr\\\/photographe-entreprise\\\/wp-content\\\/uploads\\\/2023\\\/11\\\/mini_Photo_Panoramique_Niort_REFLEXHAUT.jpg\",\"datePublished\":\"2022-05-04T13:41:14+00:00\",\"dateModified\":\"2024-05-07T23:43:00+00:00\",\"description\":\"Photographe pro - R\u00e9alisation de vos photographies 360 et visites virtuelles sur Niort et sa r\u00e9gion.\",\"breadcrumb\":{\"@id\":\"https:\\\/\\\/www.reflexhaut.fr\\\/photographe-entreprise\\\/photographie-360-visite-virtuelle-niort\\\/#breadcrumb\"},\"inLanguage\":\"fr-FR\",\"potentialAction\":[{\"@type\":\"ReadAction\",\"target\":[\"https:\\\/\\\/www.reflexhaut.fr\\\/photographe-entreprise\\\/photographie-360-visite-virtuelle-niort\\\/\"]}]},{\"@type\":\"ImageObject\",\"inLanguage\":\"fr-FR\",\"@id\":\"https:\\\/\\\/www.reflexhaut.fr\\\/photographe-entreprise\\\/photographie-360-visite-virtuelle-niort\\\/#primaryimage\",\"url\":\"https:\\\/\\\/www.reflexhaut.fr\\\/photographe-entreprise\\\/wp-content\\\/uploads\\\/2023\\\/11\\\/mini_Photo_Panoramique_Niort_REFLEXHAUT.jpg\",\"contentUrl\":\"https:\\\/\\\/www.reflexhaut.fr\\\/photographe-entreprise\\\/wp-content\\\/uploads\\\/2023\\\/11\\\/mini_Photo_Panoramique_Niort_REFLEXHAUT.jpg\",\"width\":680,\"height\":189,\"caption\":\"Olivier GERMAIN - Photographe REFLEXHAUT\"},{\"@type\":\"BreadcrumbList\",\"@id\":\"https:\\\/\\\/www.reflexhaut.fr\\\/photographe-entreprise\\\/photographie-360-visite-virtuelle-niort\\\/#breadcrumb\",\"itemListElement\":[{\"@type\":\"ListItem\",\"position\":1,\"name\":\"Accueil\",\"item\":\"https:\\\/\\\/www.reflexhaut.fr\\\/photographe-entreprise\\\/\"},{\"@type\":\"ListItem\",\"position\":2,\"name\":\"360\u00b0 &#038; Visite virtuelle &#8211; Niort\"}]},{\"@type\":\"WebSite\",\"@id\":\"https:\\\/\\\/www.reflexhaut.fr\\\/photographe-entreprise\\\/#website\",\"url\":\"https:\\\/\\\/www.reflexhaut.fr\\\/photographe-entreprise\\\/\",\"name\":\"Photographe Entreprise Niort - Poitou-Charentes - Pays de la Loire\",\"description\":\"REFLEXHAUT . Entreprise\",\"publisher\":{\"@id\":\"https:\\\/\\\/www.reflexhaut.fr\\\/photographe-entreprise\\\/#organization\"},\"potentialAction\":[{\"@type\":\"SearchAction\",\"target\":{\"@type\":\"EntryPoint\",\"urlTemplate\":\"https:\\\/\\\/www.reflexhaut.fr\\\/photographe-entreprise\\\/?s={search_term_string}\"},\"query-input\":{\"@type\":\"PropertyValueSpecification\",\"valueRequired\":true,\"valueName\":\"search_term_string\"}}],\"inLanguage\":\"fr-FR\"},{\"@type\":\"Organization\",\"@id\":\"https:\\\/\\\/www.reflexhaut.fr\\\/photographe-entreprise\\\/#organization\",\"name\":\"Photographe Entreprise Niort - Poitou-Charentes - Pays de la Loire\",\"url\":\"https:\\\/\\\/www.reflexhaut.fr\\\/photographe-entreprise\\\/\",\"logo\":{\"@type\":\"ImageObject\",\"inLanguage\":\"fr-FR\",\"@id\":\"https:\\\/\\\/www.reflexhaut.fr\\\/photographe-entreprise\\\/#\\\/schema\\\/logo\\\/image\\\/\",\"url\":\"https:\\\/\\\/www.reflexhaut.fr\\\/photographe-entreprise\\\/wp-content\\\/uploads\\\/2022\\\/08\\\/Photographe-Entreprise-REFLEXHAUT-20220831a_1x1.jpg\",\"contentUrl\":\"https:\\\/\\\/www.reflexhaut.fr\\\/photographe-entreprise\\\/wp-content\\\/uploads\\\/2022\\\/08\\\/Photographe-Entreprise-REFLEXHAUT-20220831a_1x1.jpg\",\"width\":600,\"height\":600,\"caption\":\"Photographe Entreprise Niort - Poitou-Charentes - Pays de la Loire\"},\"image\":{\"@id\":\"https:\\\/\\\/www.reflexhaut.fr\\\/photographe-entreprise\\\/#\\\/schema\\\/logo\\\/image\\\/\"},\"sameAs\":[\"https:\\\/\\\/www.facebook.com\\\/reflexhaut.production\",\"https:\\\/\\\/www.instagram.com\\\/reflexhaut.production\\\/\"]}]}<\/script>\n<!-- \/ Yoast SEO plugin. -->","yoast_head_json":{"title":"360\u00b0 & Visite virtuelle - Niort - Photographe Entreprise Niort - Poitou-Charentes - Pays de la Loire","description":"Photographe pro - R\u00e9alisation de vos photographies 360 et visites virtuelles sur Niort et sa r\u00e9gion.","robots":{"index":"index","follow":"follow","max-snippet":"max-snippet:-1","max-image-preview":"max-image-preview:large","max-video-preview":"max-video-preview:-1"},"canonical":"https:\/\/www.reflexhaut.fr\/photographe-entreprise\/photographie-360-visite-virtuelle-niort\/","og_locale":"fr_FR","og_type":"article","og_title":"360\u00b0 & Visite virtuelle - Niort - Photographe Entreprise Niort - Poitou-Charentes - Pays de la Loire","og_description":"Photographe pro - R\u00e9alisation de vos photographies 360 et visites virtuelles sur Niort et sa r\u00e9gion.","og_url":"https:\/\/www.reflexhaut.fr\/photographe-entreprise\/photographie-360-visite-virtuelle-niort\/","og_site_name":"Photographe Entreprise Niort - Poitou-Charentes - Pays de la Loire","article_publisher":"https:\/\/www.facebook.com\/reflexhaut.production","article_modified_time":"2024-05-07T23:43:00+00:00","og_image":[{"url":"https:\/\/www.reflexhaut.fr\/photographe-entreprise\/wp-content\/uploads\/2023\/11\/mini_Photo_Panoramique_Niort_REFLEXHAUT.jpg","type":"","width":"","height":""}],"twitter_card":"summary_large_image","twitter_misc":{"Dur\u00e9e de lecture estim\u00e9e":"2 minutes"},"schema":{"@context":"https:\/\/schema.org","@graph":[{"@type":"WebPage","@id":"https:\/\/www.reflexhaut.fr\/photographe-entreprise\/photographie-360-visite-virtuelle-niort\/","url":"https:\/\/www.reflexhaut.fr\/photographe-entreprise\/photographie-360-visite-virtuelle-niort\/","name":"360\u00b0 & Visite virtuelle - Niort - Photographe Entreprise Niort - Poitou-Charentes - Pays de la Loire","isPartOf":{"@id":"https:\/\/www.reflexhaut.fr\/photographe-entreprise\/#website"},"primaryImageOfPage":{"@id":"https:\/\/www.reflexhaut.fr\/photographe-entreprise\/photographie-360-visite-virtuelle-niort\/#primaryimage"},"image":{"@id":"https:\/\/www.reflexhaut.fr\/photographe-entreprise\/photographie-360-visite-virtuelle-niort\/#primaryimage"},"thumbnailUrl":"https:\/\/www.reflexhaut.fr\/photographe-entreprise\/wp-content\/uploads\/2023\/11\/mini_Photo_Panoramique_Niort_REFLEXHAUT.jpg","datePublished":"2022-05-04T13:41:14+00:00","dateModified":"2024-05-07T23:43:00+00:00","description":"Photographe pro - R\u00e9alisation de vos photographies 360 et visites virtuelles sur Niort et sa r\u00e9gion.","breadcrumb":{"@id":"https:\/\/www.reflexhaut.fr\/photographe-entreprise\/photographie-360-visite-virtuelle-niort\/#breadcrumb"},"inLanguage":"fr-FR","potentialAction":[{"@type":"ReadAction","target":["https:\/\/www.reflexhaut.fr\/photographe-entreprise\/photographie-360-visite-virtuelle-niort\/"]}]},{"@type":"ImageObject","inLanguage":"fr-FR","@id":"https:\/\/www.reflexhaut.fr\/photographe-entreprise\/photographie-360-visite-virtuelle-niort\/#primaryimage","url":"https:\/\/www.reflexhaut.fr\/photographe-entreprise\/wp-content\/uploads\/2023\/11\/mini_Photo_Panoramique_Niort_REFLEXHAUT.jpg","contentUrl":"https:\/\/www.reflexhaut.fr\/photographe-entreprise\/wp-content\/uploads\/2023\/11\/mini_Photo_Panoramique_Niort_REFLEXHAUT.jpg","width":680,"height":189,"caption":"Olivier GERMAIN - Photographe REFLEXHAUT"},{"@type":"BreadcrumbList","@id":"https:\/\/www.reflexhaut.fr\/photographe-entreprise\/photographie-360-visite-virtuelle-niort\/#breadcrumb","itemListElement":[{"@type":"ListItem","position":1,"name":"Accueil","item":"https:\/\/www.reflexhaut.fr\/photographe-entreprise\/"},{"@type":"ListItem","position":2,"name":"360\u00b0 &#038; Visite virtuelle &#8211; Niort"}]},{"@type":"WebSite","@id":"https:\/\/www.reflexhaut.fr\/photographe-entreprise\/#website","url":"https:\/\/www.reflexhaut.fr\/photographe-entreprise\/","name":"Photographe Entreprise Niort - Poitou-Charentes - Pays de la Loire","description":"REFLEXHAUT . Entreprise","publisher":{"@id":"https:\/\/www.reflexhaut.fr\/photographe-entreprise\/#organization"},"potentialAction":[{"@type":"SearchAction","target":{"@type":"EntryPoint","urlTemplate":"https:\/\/www.reflexhaut.fr\/photographe-entreprise\/?s={search_term_string}"},"query-input":{"@type":"PropertyValueSpecification","valueRequired":true,"valueName":"search_term_string"}}],"inLanguage":"fr-FR"},{"@type":"Organization","@id":"https:\/\/www.reflexhaut.fr\/photographe-entreprise\/#organization","name":"Photographe Entreprise Niort - Poitou-Charentes - Pays de la Loire","url":"https:\/\/www.reflexhaut.fr\/photographe-entreprise\/","logo":{"@type":"ImageObject","inLanguage":"fr-FR","@id":"https:\/\/www.reflexhaut.fr\/photographe-entreprise\/#\/schema\/logo\/image\/","url":"https:\/\/www.reflexhaut.fr\/photographe-entreprise\/wp-content\/uploads\/2022\/08\/Photographe-Entreprise-REFLEXHAUT-20220831a_1x1.jpg","contentUrl":"https:\/\/www.reflexhaut.fr\/photographe-entreprise\/wp-content\/uploads\/2022\/08\/Photographe-Entreprise-REFLEXHAUT-20220831a_1x1.jpg","width":600,"height":600,"caption":"Photographe Entreprise Niort - Poitou-Charentes - Pays de la Loire"},"image":{"@id":"https:\/\/www.reflexhaut.fr\/photographe-entreprise\/#\/schema\/logo\/image\/"},"sameAs":["https:\/\/www.facebook.com\/reflexhaut.production","https:\/\/www.instagram.com\/reflexhaut.production\/"]}]}},"_links":{"self":[{"href":"https:\/\/www.reflexhaut.fr\/photographe-entreprise\/wp-json\/wp\/v2\/pages\/118","targetHints":{"allow":["GET"]}}],"collection":[{"href":"https:\/\/www.reflexhaut.fr\/photographe-entreprise\/wp-json\/wp\/v2\/pages"}],"about":[{"href":"https:\/\/www.reflexhaut.fr\/photographe-entreprise\/wp-json\/wp\/v2\/types\/page"}],"author":[{"embeddable":true,"href":"https:\/\/www.reflexhaut.fr\/photographe-entreprise\/wp-json\/wp\/v2\/users\/1"}],"replies":[{"embeddable":true,"href":"https:\/\/www.reflexhaut.fr\/photographe-entreprise\/wp-json\/wp\/v2\/comments?post=118"}],"version-history":[{"count":10,"href":"https:\/\/www.reflexhaut.fr\/photographe-entreprise\/wp-json\/wp\/v2\/pages\/118\/revisions"}],"predecessor-version":[{"id":505,"href":"https:\/\/www.reflexhaut.fr\/photographe-entreprise\/wp-json\/wp\/v2\/pages\/118\/revisions\/505"}],"wp:attachment":[{"href":"https:\/\/www.reflexhaut.fr\/photographe-entreprise\/wp-json\/wp\/v2\/media?parent=118"}],"curies":[{"name":"wp","href":"https:\/\/api.w.org\/{rel}","templated":true}]}}