{"id":433,"date":"2024-05-14T10:19:00","date_gmt":"2024-05-14T08:19:00","guid":{"rendered":"https:\/\/www.reflexhaut.fr\/photographe-entreprise\/?page_id=433"},"modified":"2025-03-06T11:29:57","modified_gmt":"2025-03-06T10:29:57","slug":"tarifs","status":"publish","type":"page","link":"https:\/\/www.reflexhaut.fr\/photographe-entreprise\/tarifs\/","title":{"rendered":"Tarifs &#8211; Photographe Entreprise niort"},"content":{"rendered":"\n<p>Depuis plus de 15ans, j&rsquo;accompagne les entreprises, collectivit\u00e9s et institutions pour tous leurs besoins de production photographique professionnelle, quelle soit \u00e0 usage interne ou externe. Je propose mes services et mes prestations photographiques \u00e0 travers des offres personnalis\u00e9es pour r\u00e9pondre \u00e0 toutes vos demandes.<\/p>\n\n\n\n<p>Engager un photographe professionnel repr\u00e9sente un \u00e9l\u00e9ment cl\u00e9 de votre strat\u00e9gie de communication d\u2019entreprise.<br>Faire appel \u00e0 un professionnel des m\u00e9tiers de l&rsquo;image, c&rsquo;est rehausser votre image de marque et vous d\u00e9marquer de la concurrence.<\/p>\n\n\n\n<p>Que ce soit pour des portraits, des reportages photographiques professionnels au sol mais aussi en a\u00e9rien \u00e0 l&rsquo;aide de drone professionnel, ma d\u00e9marche cr\u00e9ative est au service des entreprises, des agences de communication et de publicit\u00e9, ainsi que des institutions pour valoriser leur image de mani\u00e8re distinctive. Bas\u00e9 \u00e0 10min de Niort (79), j&rsquo;interviens principalement sur tout le Grand-Ouest depuis 2007.<\/p>\n\n\n\n<hr class=\"wp-block-separator has-alpha-channel-opacity is-style-dots\"\/>\n\n\n\n<h2 class=\"wp-block-heading\">Tarifs &#8211; Photographe de Portrait<\/h2>\n\n\n\n<p>Les portraits r\u00e9alis\u00e9s pour votre entreprise sont les points d&rsquo;entr\u00e9s pour votre entreprise. Ils doivent \u00eatre \u00e0 l&rsquo;image du message que vous souhaitez transmettre vis-\u00e0-vis de l&rsquo;ext\u00e9rieur. Ils sont souvent les points d&rsquo;entr\u00e9e de votre communication. Les usages sont multiples pour tous vos supports de communication (relations presse, site internet, AG, rapports, etc.).<br>Les s\u00e9ances portraits peuvent avoir lieu dans vos locaux, dans mon studio, ou dans un lieu convenu ensemble.<\/p>\n\n\n\n<p>Un portrait pro, c&rsquo;est aussi : Parfaits pour votre CV ou vos profils LinkedIn et Facebook. Un bon portrait pro doit allier modernit\u00e9, dynamisme et professionnalisme.<\/p>\n\n\n\n<hr class=\"wp-block-separator has-alpha-channel-opacity is-style-dots\"\/>\n\n\n\n<h2 class=\"wp-block-heading\">Tarifs &#8211; Photographe Reportage<\/h2>\n\n\n\n<p><strong>Reportage m\u00e9tiers :<\/strong> Des photos qui mettent en valeur votre activit\u00e9. Prises dans vos locaux ou sur site, ces images adoptent une approche documentaire pour illustrer la r\u00e9alit\u00e9 de votre m\u00e9tier avec minutie.<\/p>\n\n\n\n<p><strong>Reportage \u00e9v\u00e9nementiel :<\/strong> Que ce soit pour votre congr\u00e8s, Assembl\u00e9e G\u00e9n\u00e9rale ou soir\u00e9e de gala, je prends en charge la capture des intervenants, de l&rsquo;ambiance, des ateliers ou des animations.<\/p>\n\n\n\n<div class=\"wp-block-group alignfull has-global-padding is-layout-constrained wp-container-core-group-is-layout-867c3d7b wp-block-group-is-layout-constrained\" style=\"margin-top:0;margin-bottom:0;padding-top:var(--wp--preset--spacing--30);padding-right:var(--wp--preset--spacing--30);padding-bottom:var(--wp--preset--spacing--30);padding-left:var(--wp--preset--spacing--30)\">\n<div class=\"wp-block-group alignwide has-base-2-background-color has-background has-global-padding is-layout-constrained wp-container-core-group-is-layout-594587f7 wp-block-group-is-layout-constrained\" style=\"border-radius:16px;padding-top:var(--wp--preset--spacing--20);padding-right:var(--wp--preset--spacing--30);padding-bottom:var(--wp--preset--spacing--20);padding-left:var(--wp--preset--spacing--30)\">\n<div class=\"wp-block-group alignwide is-vertical is-content-justification-stretch is-layout-flex wp-container-core-group-is-layout-353c4f5a wp-block-group-is-layout-flex\">\n<h2 class=\"wp-block-heading has-text-align-center\">Tarifs Photographe &#8211; Services sur devis<\/h2>\n\n\n\n<p class=\"has-text-align-center\" style=\"margin-top:var(--wp--preset--spacing--10);font-size:clamp(0.875rem, 0.875rem + ((1vw - 0.2rem) * 0.417), 1.125rem);\">Je vous propose des services flexibles, pour adapter mes prestations \u00e0 vos r\u00e9els besoins.<br>Artisan Photographe exp\u00e9riment\u00e9 avec plus de 16ans de m\u00e9tier. M\u00e9daill\u00e9 2\u00e8me de France en 2019 aux M\u00e9dailles de la Photographie Professionnelle Fran\u00e7aise cat\u00e9gorie \u00ab\u00a0Illustration et Digital Art\u00a0\u00bb par la plus importante F\u00e9d\u00e9ration de Photographie Professionnelle Fran\u00e7aise (<a href=\"https:\/\/metiersdelimage.fr\/\">FFPMI<\/a>), je vous propose depuis 2007, mes services et mon regard sur tout le Grand Ouest.<\/p>\n<\/div>\n\n\n\n<div style=\"height:var(--wp--preset--spacing--10)\" aria-hidden=\"true\" class=\"wp-block-spacer\"><\/div>\n\n\n\n<div class=\"wp-block-columns alignwide is-layout-flex wp-container-core-columns-is-layout-69b1b98f wp-block-columns-is-layout-flex\">\n<div class=\"wp-block-column is-layout-flow wp-block-column-is-layout-flow\" style=\"border-top-color:var(--wp--preset--color--contrast-3);border-top-width:1px;padding-top:var(--wp--preset--spacing--30);padding-right:var(--wp--preset--spacing--30);padding-bottom:var(--wp--preset--spacing--10);padding-left:var(--wp--preset--spacing--30)\">\n<h3 class=\"wp-block-heading has-text-align-center\" style=\"padding-top:0px\"><br><em>Reportage Photo Pro &#8211; 2h<\/em><\/h3>\n\n\n\n<h4 class=\"wp-block-heading has-text-align-center has-x-large-font-size\">281 \u20ac*<\/h4>\n\n\n\n<div class=\"wp-block-group is-vertical is-content-justification-center is-layout-flex wp-container-core-group-is-layout-ce155fab wp-block-group-is-layout-flex\">\n<p class=\"has-text-align-center has-normal-font-size\">Prises de vues en studio <br>et\/ou lumi\u00e8re naturelle.<br>Jusqu&rsquo;\u00e0 2 heures de prise de vue.<\/p>\n\n\n\n<p class=\"has-text-align-center has-normal-font-size\">10 photos en haute r\u00e9solution \u00e0 choisir sur une galerie de 30 \u00e0 50 photos.<\/p>\n\n\n\n<p class=\"has-text-align-center has-normal-font-size\">Post traitement <br>sur Lightroom et Photoshop<\/p>\n\n\n\n<p class=\"has-text-align-center has-normal-font-size\">Photo additionnelle <br>\u00e0 choisir sur la galerie : 35 \u20ac<\/p>\n\n\n\n<p class=\"has-text-align-center has-normal-font-size\">Remise des photos sous 15 jours en format JPEG HD <br>et basse d\u00e9finition.<\/p>\n\n\n\n<p class=\"has-text-align-center has-normal-font-size\"><strong>OPTION<\/strong><br>Remise des photos <br>Express 5jrs : +50%<\/p>\n\n\n\n<p class=\"has-text-align-center has-normal-font-size\"><strong>OPTION<\/strong><br>Remise des photos <br>Express 24\/48h : +100%<\/p>\n\n\n\n<p class=\"has-normal-font-size\">Hors 79 !, sur devis.<br><\/p>\n\n\n\n<hr class=\"wp-block-separator has-alpha-channel-opacity\"\/>\n<\/div>\n<\/div>\n\n\n\n<div class=\"wp-block-column is-layout-flow wp-block-column-is-layout-flow\" style=\"border-top-color:var(--wp--preset--color--contrast);border-top-width:2px;padding-top:var(--wp--preset--spacing--30);padding-right:var(--wp--preset--spacing--30);padding-bottom:var(--wp--preset--spacing--10);padding-left:var(--wp--preset--spacing--30)\">\n<h3 class=\"wp-block-heading has-text-align-center\"><em>Tarif Photographe<\/em><br><em>Entreprise Demi-journ\u00e9e<\/em><\/h3>\n\n\n\n<h4 class=\"wp-block-heading has-text-align-center has-x-large-font-size\">447 \u20ac*<\/h4>\n\n\n\n<div class=\"wp-block-group is-vertical is-content-justification-center is-layout-flex wp-container-core-group-is-layout-ce155fab wp-block-group-is-layout-flex\">\n<p class=\"has-text-align-center has-normal-font-size\">Jusqu&rsquo;\u00e0 3h30 de prise de vue dans vos locaux ou au studio en lumi\u00e8re naturelle ou flash studio.<\/p>\n\n\n\n<p class=\"has-text-align-center has-normal-font-size\">Post traitement<br>sur Lightroom et Photoshop<\/p>\n\n\n\n<p class=\"has-text-align-center has-normal-font-size\">Remise des photos sous 15 jours en format JPEG HD<br>(et BD WEB sur demande)<\/p>\n\n\n\n<hr class=\"wp-block-separator has-alpha-channel-opacity\"\/>\n\n\n\n<p class=\"has-text-align-center has-normal-font-size\"><strong>OPTION<\/strong><br>Remise des photos <br>Express 5jrs : +50%<\/p>\n\n\n\n<p class=\"has-text-align-center has-normal-font-size\"><strong>OPTION<\/strong><br>Remise des photos <br>Express 24\/48h : +100%<\/p>\n\n\n\n<hr class=\"wp-block-separator has-alpha-channel-opacity\"\/>\n\n\n\n<p class=\"has-text-align-center has-normal-font-size\">D\u00e9placement 79, 17 et 86 inclus.<\/p>\n\n\n\n<p class=\"has-text-align-center has-normal-font-size\">Heure suppl\u00e9mentaire 160 \u20ac.<br><\/p>\n\n\n\n<hr class=\"wp-block-separator has-alpha-channel-opacity\"\/>\n<\/div>\n<\/div>\n\n\n\n<div class=\"wp-block-column is-layout-flow wp-block-column-is-layout-flow\" style=\"border-top-color:var(--wp--preset--color--contrast-3);border-top-width:1px;padding-top:var(--wp--preset--spacing--30);padding-right:var(--wp--preset--spacing--30);padding-bottom:var(--wp--preset--spacing--10);padding-left:var(--wp--preset--spacing--30)\">\n<h3 class=\"wp-block-heading has-text-align-center\"><em>Tarif Photographe<\/em><br><em>Entreprise Journ\u00e9e<\/em><\/h3>\n\n\n\n<h4 class=\"wp-block-heading has-text-align-center has-x-large-font-size\">852 \u20ac*<\/h4>\n\n\n\n<div class=\"wp-block-group is-vertical is-content-justification-center is-layout-flex wp-container-core-group-is-layout-ce155fab wp-block-group-is-layout-flex\">\n<p class=\"has-text-align-center has-normal-font-size\">Jusqu&rsquo;\u00e0 7 heures de prise de vue dans vos locaux ou au studio en lumi\u00e8re naturelle ou flash studio.<\/p>\n\n\n\n<p class=\"has-text-align-center has-normal-font-size\">Post traitement<br>sur Lightroom et Photoshop<\/p>\n\n\n\n<p class=\"has-text-align-center has-normal-font-size\">Remise des photos sous 15 jours en format JPEG HD<br>(et BD WEB sur demande)<\/p>\n\n\n\n<hr class=\"wp-block-separator has-alpha-channel-opacity\"\/>\n\n\n\n<p class=\"has-text-align-center has-normal-font-size\"><strong>OPTION<\/strong><br>Remise des photos <br>Express 5jrs : +50%<\/p>\n\n\n\n<p class=\"has-text-align-center has-normal-font-size\"><strong>OPTION<\/strong><br>Remise des photos <br>Express 24\/48h : +100%<\/p>\n\n\n\n<hr class=\"wp-block-separator has-alpha-channel-opacity\"\/>\n\n\n\n<p class=\"has-text-align-center has-normal-font-size\">D\u00e9placement 79, 17 et 86 inclus.<\/p>\n\n\n\n<p class=\"has-text-align-center has-normal-font-size\">Heure suppl\u00e9mentaire 160 \u20ac.<br><\/p>\n\n\n\n<hr class=\"wp-block-separator has-alpha-channel-opacity\"\/>\n<\/div>\n<\/div>\n<\/div>\n<\/div>\n\n\n\n<p>*\u00a0Tarif photographe \u00ab\u00a0\u00e0 partir de\u00a0\u00bb hors taxe indicatif et non contractuel, devis sur demande. (Ref010325)<\/p>\n<\/div>\n\n\n\n<hr class=\"wp-block-separator has-alpha-channel-opacity is-style-wide\"\/>\n\n\n\n<div style=\"height:22px\" aria-hidden=\"true\" class=\"wp-block-spacer\"><\/div>\n\n\n\n<h2 class=\"wp-block-heading\">Tarifs &#8211; Photographe Packshot &#8211; Photo Produit<\/h2>\n\n\n\n<p>Des packshots et des mises en situation pour vos catalogues et vos boutiques en ligne; une belle image attire toujours l&rsquo;attention de vos clients. Dans vos locaux ou dans mon studio, je r\u00e9alise les prises de vue selon vos sp\u00e9cifications.<\/p>\n\n\n<h2 id=\"tablepress-1-name\" class=\"tablepress-table-name tablepress-table-name-id-1\">Tarifs &#8211; Photographe Packshot<\/h2>\n\n<table id=\"tablepress-1\" class=\"tablepress tablepress-id-1\" aria-labelledby=\"tablepress-1-name\">\n<thead>\n<tr class=\"row-1\">\n\t<th class=\"column-1\">Gamme Photo &#8211; Produits<\/th><th class=\"column-2\">ECO<\/th><th class=\"column-3\">STD<\/th><th class=\"column-4\">PREMIUM<\/th>\n<\/tr>\n<\/thead>\n<tbody class=\"row-striping row-hover\">\n<tr class=\"row-2\">\n\t<td class=\"column-1\">Mise en place shooting<\/td><td class=\"column-2\">52,50<\/td><td class=\"column-3\">60,83<\/td><td class=\"column-4\">121,67<\/td>\n<\/tr>\n<tr class=\"row-3\">\n\t<td class=\"column-1\">Produits 1 \u00e0 5<\/td><td class=\"column-2\">19,11<\/td><td class=\"column-3\">23,76<\/td><td class=\"column-4\">58,40<\/td>\n<\/tr>\n<tr class=\"row-4\">\n\t<td class=\"column-1\">Produits 6 \u00e0 10<\/td><td class=\"column-2\">13,65<\/td><td class=\"column-3\">19,01<\/td><td class=\"column-4\">48,67<\/td>\n<\/tr>\n<tr class=\"row-5\">\n\t<td class=\"column-1\">Produits 11 et plus<\/td><td class=\"column-2\">10,50<\/td><td class=\"column-3\">15,21<\/td><td class=\"column-4\">40,56<\/td>\n<\/tr>\n<tr class=\"row-6\">\n\t<td class=\"column-1\">Quantit\u00e9 ou Contrat<\/td><td class=\"column-2\">DEVIS<\/td><td class=\"column-3\">DEVIS<\/td><td class=\"column-4\">DEVIS<\/td>\n<\/tr>\n<\/tbody>\n<\/table>\n<!-- #tablepress-1 from cache -->\n\n\n<p>*\u00a0Tarif photo \u00ab\u00a0\u00e0 partir de\u00a0\u00bb hors taxe indicatif et non contractuel, devis sur demande (Ref010325)<\/p>\n\n\n\n<hr class=\"wp-block-separator has-alpha-channel-opacity is-style-dots\"\/>\n","protected":false},"excerpt":{"rendered":"<p>Depuis plus de 15ans, j&rsquo;accompagne les entreprises, collectivit\u00e9s et institutions pour tous leurs besoins de production photographique professionnelle, quelle soit \u00e0 usage interne ou externe. Je propose mes services et mes prestations photographiques \u00e0 travers des offres personnalis\u00e9es pour r\u00e9pondre \u00e0 toutes vos demandes. Engager un photographe professionnel repr\u00e9sente un \u00e9l\u00e9ment cl\u00e9 de votre strat\u00e9gie [&hellip;]<\/p>\n","protected":false},"author":1,"featured_media":571,"parent":0,"menu_order":0,"comment_status":"closed","ping_status":"closed","template":"","meta":{"footnotes":""},"class_list":["post-433","page","type-page","status-publish","has-post-thumbnail","hentry"],"yoast_head":"<!-- This site is optimized with the Yoast SEO plugin v27.5 - https:\/\/yoast.com\/product\/yoast-seo-wordpress\/ -->\n<title>Tarifs - Photographe Entreprise niort - Photographe Entreprise Niort - Poitou-Charentes - Pays de la Loire<\/title>\n<meta name=\"description\" content=\"Tarifs Photographe Entreprise Niort et Poitou-Charentes. Artisan Photographe exp\u00e9riment\u00e9 depuis 2007. Prestation dans tout le Gand-Ouest FR\" \/>\n<meta name=\"robots\" content=\"index, follow, max-snippet:-1, max-image-preview:large, max-video-preview:-1\" \/>\n<link rel=\"canonical\" href=\"https:\/\/www.reflexhaut.fr\/photographe-entreprise\/tarifs\/\" \/>\n<meta property=\"og:locale\" content=\"fr_FR\" \/>\n<meta property=\"og:type\" content=\"article\" \/>\n<meta property=\"og:title\" content=\"Tarifs - Photographe Entreprise niort - Photographe Entreprise Niort - Poitou-Charentes - Pays de la Loire\" \/>\n<meta property=\"og:description\" content=\"Tarifs Photographe Entreprise Niort et Poitou-Charentes. Artisan Photographe exp\u00e9riment\u00e9 depuis 2007. Prestation dans tout le Gand-Ouest FR\" \/>\n<meta property=\"og:url\" content=\"https:\/\/www.reflexhaut.fr\/photographe-entreprise\/tarifs\/\" \/>\n<meta property=\"og:site_name\" content=\"Photographe Entreprise Niort - Poitou-Charentes - Pays de la Loire\" \/>\n<meta property=\"article:publisher\" content=\"https:\/\/www.facebook.com\/reflexhaut.production\" \/>\n<meta property=\"article:modified_time\" content=\"2025-03-06T10:29:57+00:00\" \/>\n<meta property=\"og:image\" content=\"https:\/\/www.reflexhaut.fr\/photographe-entreprise\/wp-content\/uploads\/2024\/08\/REFLEXHAUT-Photographe-Entreprise.jpg\" \/>\n\t<meta property=\"og:image:width\" content=\"512\" \/>\n\t<meta property=\"og:image:height\" content=\"512\" \/>\n\t<meta property=\"og:image:type\" content=\"image\/jpeg\" \/>\n<meta name=\"twitter:card\" content=\"summary_large_image\" \/>\n<meta name=\"twitter:label1\" content=\"Dur\u00e9e de lecture estim\u00e9e\" \/>\n\t<meta name=\"twitter:data1\" content=\"4 minutes\" \/>\n<script type=\"application\/ld+json\" class=\"yoast-schema-graph\">{\"@context\":\"https:\\\/\\\/schema.org\",\"@graph\":[{\"@type\":\"WebPage\",\"@id\":\"https:\\\/\\\/www.reflexhaut.fr\\\/photographe-entreprise\\\/tarifs\\\/\",\"url\":\"https:\\\/\\\/www.reflexhaut.fr\\\/photographe-entreprise\\\/tarifs\\\/\",\"name\":\"Tarifs - Photographe Entreprise niort - Photographe Entreprise Niort - Poitou-Charentes - Pays de la Loire\",\"isPartOf\":{\"@id\":\"https:\\\/\\\/www.reflexhaut.fr\\\/photographe-entreprise\\\/#website\"},\"primaryImageOfPage\":{\"@id\":\"https:\\\/\\\/www.reflexhaut.fr\\\/photographe-entreprise\\\/tarifs\\\/#primaryimage\"},\"image\":{\"@id\":\"https:\\\/\\\/www.reflexhaut.fr\\\/photographe-entreprise\\\/tarifs\\\/#primaryimage\"},\"thumbnailUrl\":\"https:\\\/\\\/www.reflexhaut.fr\\\/photographe-entreprise\\\/wp-content\\\/uploads\\\/2024\\\/08\\\/REFLEXHAUT-Photographe-Entreprise.jpg\",\"datePublished\":\"2024-05-14T08:19:00+00:00\",\"dateModified\":\"2025-03-06T10:29:57+00:00\",\"description\":\"Tarifs Photographe Entreprise Niort et Poitou-Charentes. Artisan Photographe exp\u00e9riment\u00e9 depuis 2007. Prestation dans tout le Gand-Ouest FR\",\"breadcrumb\":{\"@id\":\"https:\\\/\\\/www.reflexhaut.fr\\\/photographe-entreprise\\\/tarifs\\\/#breadcrumb\"},\"inLanguage\":\"fr-FR\",\"potentialAction\":[{\"@type\":\"ReadAction\",\"target\":[\"https:\\\/\\\/www.reflexhaut.fr\\\/photographe-entreprise\\\/tarifs\\\/\"]}]},{\"@type\":\"ImageObject\",\"inLanguage\":\"fr-FR\",\"@id\":\"https:\\\/\\\/www.reflexhaut.fr\\\/photographe-entreprise\\\/tarifs\\\/#primaryimage\",\"url\":\"https:\\\/\\\/www.reflexhaut.fr\\\/photographe-entreprise\\\/wp-content\\\/uploads\\\/2024\\\/08\\\/REFLEXHAUT-Photographe-Entreprise.jpg\",\"contentUrl\":\"https:\\\/\\\/www.reflexhaut.fr\\\/photographe-entreprise\\\/wp-content\\\/uploads\\\/2024\\\/08\\\/REFLEXHAUT-Photographe-Entreprise.jpg\",\"width\":512,\"height\":512},{\"@type\":\"BreadcrumbList\",\"@id\":\"https:\\\/\\\/www.reflexhaut.fr\\\/photographe-entreprise\\\/tarifs\\\/#breadcrumb\",\"itemListElement\":[{\"@type\":\"ListItem\",\"position\":1,\"name\":\"Accueil\",\"item\":\"https:\\\/\\\/www.reflexhaut.fr\\\/photographe-entreprise\\\/\"},{\"@type\":\"ListItem\",\"position\":2,\"name\":\"Tarifs &#8211; Photographe Entreprise niort\"}]},{\"@type\":\"WebSite\",\"@id\":\"https:\\\/\\\/www.reflexhaut.fr\\\/photographe-entreprise\\\/#website\",\"url\":\"https:\\\/\\\/www.reflexhaut.fr\\\/photographe-entreprise\\\/\",\"name\":\"Photographe Entreprise Niort - Poitou-Charentes - Pays de la Loire\",\"description\":\"REFLEXHAUT . Entreprise\",\"publisher\":{\"@id\":\"https:\\\/\\\/www.reflexhaut.fr\\\/photographe-entreprise\\\/#organization\"},\"potentialAction\":[{\"@type\":\"SearchAction\",\"target\":{\"@type\":\"EntryPoint\",\"urlTemplate\":\"https:\\\/\\\/www.reflexhaut.fr\\\/photographe-entreprise\\\/?s={search_term_string}\"},\"query-input\":{\"@type\":\"PropertyValueSpecification\",\"valueRequired\":true,\"valueName\":\"search_term_string\"}}],\"inLanguage\":\"fr-FR\"},{\"@type\":\"Organization\",\"@id\":\"https:\\\/\\\/www.reflexhaut.fr\\\/photographe-entreprise\\\/#organization\",\"name\":\"Photographe Entreprise Niort - Poitou-Charentes - Pays de la Loire\",\"url\":\"https:\\\/\\\/www.reflexhaut.fr\\\/photographe-entreprise\\\/\",\"logo\":{\"@type\":\"ImageObject\",\"inLanguage\":\"fr-FR\",\"@id\":\"https:\\\/\\\/www.reflexhaut.fr\\\/photographe-entreprise\\\/#\\\/schema\\\/logo\\\/image\\\/\",\"url\":\"https:\\\/\\\/www.reflexhaut.fr\\\/photographe-entreprise\\\/wp-content\\\/uploads\\\/2022\\\/08\\\/Photographe-Entreprise-REFLEXHAUT-20220831a_1x1.jpg\",\"contentUrl\":\"https:\\\/\\\/www.reflexhaut.fr\\\/photographe-entreprise\\\/wp-content\\\/uploads\\\/2022\\\/08\\\/Photographe-Entreprise-REFLEXHAUT-20220831a_1x1.jpg\",\"width\":600,\"height\":600,\"caption\":\"Photographe Entreprise Niort - Poitou-Charentes - Pays de la Loire\"},\"image\":{\"@id\":\"https:\\\/\\\/www.reflexhaut.fr\\\/photographe-entreprise\\\/#\\\/schema\\\/logo\\\/image\\\/\"},\"sameAs\":[\"https:\\\/\\\/www.facebook.com\\\/reflexhaut.production\",\"https:\\\/\\\/www.instagram.com\\\/reflexhaut.production\\\/\"]}]}<\/script>\n<!-- \/ Yoast SEO plugin. -->","yoast_head_json":{"title":"Tarifs - Photographe Entreprise niort - Photographe Entreprise Niort - Poitou-Charentes - Pays de la Loire","description":"Tarifs Photographe Entreprise Niort et Poitou-Charentes. Artisan Photographe exp\u00e9riment\u00e9 depuis 2007. Prestation dans tout le Gand-Ouest FR","robots":{"index":"index","follow":"follow","max-snippet":"max-snippet:-1","max-image-preview":"max-image-preview:large","max-video-preview":"max-video-preview:-1"},"canonical":"https:\/\/www.reflexhaut.fr\/photographe-entreprise\/tarifs\/","og_locale":"fr_FR","og_type":"article","og_title":"Tarifs - Photographe Entreprise niort - Photographe Entreprise Niort - Poitou-Charentes - Pays de la Loire","og_description":"Tarifs Photographe Entreprise Niort et Poitou-Charentes. Artisan Photographe exp\u00e9riment\u00e9 depuis 2007. Prestation dans tout le Gand-Ouest FR","og_url":"https:\/\/www.reflexhaut.fr\/photographe-entreprise\/tarifs\/","og_site_name":"Photographe Entreprise Niort - Poitou-Charentes - Pays de la Loire","article_publisher":"https:\/\/www.facebook.com\/reflexhaut.production","article_modified_time":"2025-03-06T10:29:57+00:00","og_image":[{"width":512,"height":512,"url":"https:\/\/www.reflexhaut.fr\/photographe-entreprise\/wp-content\/uploads\/2024\/08\/REFLEXHAUT-Photographe-Entreprise.jpg","type":"image\/jpeg"}],"twitter_card":"summary_large_image","twitter_misc":{"Dur\u00e9e de lecture estim\u00e9e":"4 minutes"},"schema":{"@context":"https:\/\/schema.org","@graph":[{"@type":"WebPage","@id":"https:\/\/www.reflexhaut.fr\/photographe-entreprise\/tarifs\/","url":"https:\/\/www.reflexhaut.fr\/photographe-entreprise\/tarifs\/","name":"Tarifs - Photographe Entreprise niort - Photographe Entreprise Niort - Poitou-Charentes - Pays de la Loire","isPartOf":{"@id":"https:\/\/www.reflexhaut.fr\/photographe-entreprise\/#website"},"primaryImageOfPage":{"@id":"https:\/\/www.reflexhaut.fr\/photographe-entreprise\/tarifs\/#primaryimage"},"image":{"@id":"https:\/\/www.reflexhaut.fr\/photographe-entreprise\/tarifs\/#primaryimage"},"thumbnailUrl":"https:\/\/www.reflexhaut.fr\/photographe-entreprise\/wp-content\/uploads\/2024\/08\/REFLEXHAUT-Photographe-Entreprise.jpg","datePublished":"2024-05-14T08:19:00+00:00","dateModified":"2025-03-06T10:29:57+00:00","description":"Tarifs Photographe Entreprise Niort et Poitou-Charentes. Artisan Photographe exp\u00e9riment\u00e9 depuis 2007. Prestation dans tout le Gand-Ouest FR","breadcrumb":{"@id":"https:\/\/www.reflexhaut.fr\/photographe-entreprise\/tarifs\/#breadcrumb"},"inLanguage":"fr-FR","potentialAction":[{"@type":"ReadAction","target":["https:\/\/www.reflexhaut.fr\/photographe-entreprise\/tarifs\/"]}]},{"@type":"ImageObject","inLanguage":"fr-FR","@id":"https:\/\/www.reflexhaut.fr\/photographe-entreprise\/tarifs\/#primaryimage","url":"https:\/\/www.reflexhaut.fr\/photographe-entreprise\/wp-content\/uploads\/2024\/08\/REFLEXHAUT-Photographe-Entreprise.jpg","contentUrl":"https:\/\/www.reflexhaut.fr\/photographe-entreprise\/wp-content\/uploads\/2024\/08\/REFLEXHAUT-Photographe-Entreprise.jpg","width":512,"height":512},{"@type":"BreadcrumbList","@id":"https:\/\/www.reflexhaut.fr\/photographe-entreprise\/tarifs\/#breadcrumb","itemListElement":[{"@type":"ListItem","position":1,"name":"Accueil","item":"https:\/\/www.reflexhaut.fr\/photographe-entreprise\/"},{"@type":"ListItem","position":2,"name":"Tarifs &#8211; Photographe Entreprise niort"}]},{"@type":"WebSite","@id":"https:\/\/www.reflexhaut.fr\/photographe-entreprise\/#website","url":"https:\/\/www.reflexhaut.fr\/photographe-entreprise\/","name":"Photographe Entreprise Niort - Poitou-Charentes - Pays de la Loire","description":"REFLEXHAUT . Entreprise","publisher":{"@id":"https:\/\/www.reflexhaut.fr\/photographe-entreprise\/#organization"},"potentialAction":[{"@type":"SearchAction","target":{"@type":"EntryPoint","urlTemplate":"https:\/\/www.reflexhaut.fr\/photographe-entreprise\/?s={search_term_string}"},"query-input":{"@type":"PropertyValueSpecification","valueRequired":true,"valueName":"search_term_string"}}],"inLanguage":"fr-FR"},{"@type":"Organization","@id":"https:\/\/www.reflexhaut.fr\/photographe-entreprise\/#organization","name":"Photographe Entreprise Niort - Poitou-Charentes - Pays de la Loire","url":"https:\/\/www.reflexhaut.fr\/photographe-entreprise\/","logo":{"@type":"ImageObject","inLanguage":"fr-FR","@id":"https:\/\/www.reflexhaut.fr\/photographe-entreprise\/#\/schema\/logo\/image\/","url":"https:\/\/www.reflexhaut.fr\/photographe-entreprise\/wp-content\/uploads\/2022\/08\/Photographe-Entreprise-REFLEXHAUT-20220831a_1x1.jpg","contentUrl":"https:\/\/www.reflexhaut.fr\/photographe-entreprise\/wp-content\/uploads\/2022\/08\/Photographe-Entreprise-REFLEXHAUT-20220831a_1x1.jpg","width":600,"height":600,"caption":"Photographe Entreprise Niort - Poitou-Charentes - Pays de la Loire"},"image":{"@id":"https:\/\/www.reflexhaut.fr\/photographe-entreprise\/#\/schema\/logo\/image\/"},"sameAs":["https:\/\/www.facebook.com\/reflexhaut.production","https:\/\/www.instagram.com\/reflexhaut.production\/"]}]}},"_links":{"self":[{"href":"https:\/\/www.reflexhaut.fr\/photographe-entreprise\/wp-json\/wp\/v2\/pages\/433","targetHints":{"allow":["GET"]}}],"collection":[{"href":"https:\/\/www.reflexhaut.fr\/photographe-entreprise\/wp-json\/wp\/v2\/pages"}],"about":[{"href":"https:\/\/www.reflexhaut.fr\/photographe-entreprise\/wp-json\/wp\/v2\/types\/page"}],"author":[{"embeddable":true,"href":"https:\/\/www.reflexhaut.fr\/photographe-entreprise\/wp-json\/wp\/v2\/users\/1"}],"replies":[{"embeddable":true,"href":"https:\/\/www.reflexhaut.fr\/photographe-entreprise\/wp-json\/wp\/v2\/comments?post=433"}],"version-history":[{"count":16,"href":"https:\/\/www.reflexhaut.fr\/photographe-entreprise\/wp-json\/wp\/v2\/pages\/433\/revisions"}],"predecessor-version":[{"id":695,"href":"https:\/\/www.reflexhaut.fr\/photographe-entreprise\/wp-json\/wp\/v2\/pages\/433\/revisions\/695"}],"wp:featuredmedia":[{"embeddable":true,"href":"https:\/\/www.reflexhaut.fr\/photographe-entreprise\/wp-json\/wp\/v2\/media\/571"}],"wp:attachment":[{"href":"https:\/\/www.reflexhaut.fr\/photographe-entreprise\/wp-json\/wp\/v2\/media?parent=433"}],"curies":[{"name":"wp","href":"https:\/\/api.w.org\/{rel}","templated":true}]}}