{"id":14,"date":"2021-11-25T00:02:38","date_gmt":"2021-11-24T23:02:38","guid":{"rendered":"https:\/\/www.reflexhaut.fr\/studio\/page-daccueil\/"},"modified":"2026-04-09T00:59:22","modified_gmt":"2026-04-08T22:59:22","slug":"boutique-studio-photo","status":"publish","type":"page","link":"https:\/\/www.reflexhaut.fr\/studio\/","title":{"rendered":"Boutique en ligne"},"content":{"rendered":"\n<div class=\"wp-block-cover is-light\" style=\"padding-top:var(--wp--preset--spacing--20);padding-bottom:var(--wp--preset--spacing--20);min-height:148px;aspect-ratio:unset;\"><img loading=\"lazy\" decoding=\"async\" width=\"1920\" height=\"1280\" class=\"wp-block-cover__image-background wp-image-15\" alt=\"\" src=\"https:\/\/www.reflexhaut.fr\/studio\/wp-content\/uploads\/2021\/11\/other-small.jpg\" style=\"object-position:50% 50%\" data-object-fit=\"cover\" data-object-position=\"50% 50%\" srcset=\"https:\/\/www.reflexhaut.fr\/studio\/wp-content\/uploads\/2021\/11\/other-small.jpg 1920w, https:\/\/www.reflexhaut.fr\/studio\/wp-content\/uploads\/2021\/11\/other-small-600x400.jpg 600w, https:\/\/www.reflexhaut.fr\/studio\/wp-content\/uploads\/2021\/11\/other-small-300x200.jpg 300w, https:\/\/www.reflexhaut.fr\/studio\/wp-content\/uploads\/2021\/11\/other-small-1024x683.jpg 1024w, https:\/\/www.reflexhaut.fr\/studio\/wp-content\/uploads\/2021\/11\/other-small-768x512.jpg 768w, https:\/\/www.reflexhaut.fr\/studio\/wp-content\/uploads\/2021\/11\/other-small-1536x1024.jpg 1536w\" sizes=\"auto, (max-width: 1920px) 100vw, 1920px\" \/><span aria-hidden=\"true\" class=\"wp-block-cover__background has-background-dim\"><\/span><div class=\"wp-block-cover__inner-container is-layout-flow wp-block-cover-is-layout-flow\">\n<p class=\"has-text-align-center has-accent-1-color has-text-color has-link-color has-medium-font-size wp-elements-5d0b2e7c4207a36c41fddae9a1e04fd4\"><em>Boutique en ligne REFLEXHAUT ouverte 24h\/24 <\/em><br>Rappel pour le confort de tous, et l&rsquo;exp\u00e9rience client lors des s\u00e9ances et\/stages photo,<br>l<strong>&lsquo;accueil au Studio Photo<\/strong> se fait <strong>UNIQUEMENT sur RENDEZ-VOUS<\/strong> pr\u00e9alable.<br>&#8211;<br> T\u00e9l\u00e9phone : 05.49.35.72.77 \/ 06.80.98.87.63<br>Merci &#8211; Olivier GERMAIN &#8211; Photographe cr\u00e9ateur REFLEXHAUT<\/p>\n<\/div><\/div>\n\n\n\n<h2 class=\"wp-block-heading has-text-align-center\">Services &amp; Produits Photographiques<\/h2>\n\n\n<div data-block-name=\"woocommerce\/product-on-sale\" data-content-visibility=\"{&quot;image&quot;:true,&quot;title&quot;:true,&quot;price&quot;:true,&quot;rating&quot;:false,&quot;button&quot;:false}\" data-rows=\"1\" class=\"wc-block-grid wp-block-product-on-sale wp-block-woocommerce-product-on-sale wc-block-product-on-sale has-3-columns\"><ul class=\"wc-block-grid__products\"><li class=\"wc-block-grid__product\">\n\t\t\t\t<a href=\"https:\/\/www.reflexhaut.fr\/studio\/catalogue\/experience-decouverte-reflexhaut\/\" class=\"wc-block-grid__product-link\">\n\t\t\t\t\t<div class=\"wc-block-grid__product-onsale\">\n\t\t\t<span aria-hidden=\"true\">Promo<\/span>\n\t\t\t<span class=\"screen-reader-text\">Produit en promotion<\/span>\n\t\t<\/div>\n\t\t\t\t\t<div class=\"wc-block-grid__product-image\"><img loading=\"lazy\" decoding=\"async\" width=\"300\" height=\"300\" src=\"https:\/\/www.reflexhaut.fr\/studio\/wp-content\/uploads\/2026\/04\/Visuel-Photographe-NIORT-REFLEXHAUT_Experience-Decouverte-300x300.webp\" class=\"attachment-woocommerce_thumbnail size-woocommerce_thumbnail\" alt=\"S\u00e9ance Photo - Exp\u00e9rience D\u00e9couverte\" srcset=\"https:\/\/www.reflexhaut.fr\/studio\/wp-content\/uploads\/2026\/04\/Visuel-Photographe-NIORT-REFLEXHAUT_Experience-Decouverte-300x300.webp 300w, https:\/\/www.reflexhaut.fr\/studio\/wp-content\/uploads\/2026\/04\/Visuel-Photographe-NIORT-REFLEXHAUT_Experience-Decouverte-1024x1024.webp 1024w, https:\/\/www.reflexhaut.fr\/studio\/wp-content\/uploads\/2026\/04\/Visuel-Photographe-NIORT-REFLEXHAUT_Experience-Decouverte-150x150.webp 150w, https:\/\/www.reflexhaut.fr\/studio\/wp-content\/uploads\/2026\/04\/Visuel-Photographe-NIORT-REFLEXHAUT_Experience-Decouverte-768x768.webp 768w, https:\/\/www.reflexhaut.fr\/studio\/wp-content\/uploads\/2026\/04\/Visuel-Photographe-NIORT-REFLEXHAUT_Experience-Decouverte-600x600.webp 600w, https:\/\/www.reflexhaut.fr\/studio\/wp-content\/uploads\/2026\/04\/Visuel-Photographe-NIORT-REFLEXHAUT_Experience-Decouverte-100x100.webp 100w, https:\/\/www.reflexhaut.fr\/studio\/wp-content\/uploads\/2026\/04\/Visuel-Photographe-NIORT-REFLEXHAUT_Experience-Decouverte.webp 1080w\" sizes=\"auto, (max-width: 300px) 100vw, 300px\" \/><\/div>\n\t\t\t\t\t<div class=\"wc-block-grid__product-title\">Exp\u00e9rience D\u00e9couverte \u2013 REFLEXHAUT<\/div>\n\t\t\t\t<\/a>\n\t\t\t\t<div class=\"wc-block-grid__product-price price\"><del aria-hidden=\"true\"><span class=\"woocommerce-Price-amount amount\">250,00&nbsp;<span class=\"woocommerce-Price-currencySymbol\">&euro;<\/span><\/span><\/del> <span class=\"screen-reader-text\">Le prix initial \u00e9tait\u00a0: 250,00&nbsp;&euro;.<\/span><ins aria-hidden=\"true\"><span class=\"woocommerce-Price-amount amount\">199,00&nbsp;<span class=\"woocommerce-Price-currencySymbol\">&euro;<\/span><\/span><\/ins><span class=\"screen-reader-text\">Le prix actuel est\u00a0: 199,00&nbsp;&euro;.<\/span><\/div>\n\t\t\t\t\n\t\t\t\t\n\t\t\t<\/li><\/ul><\/div>\n\n\n<div data-align-buttons=\"false\" data-block-name=\"woocommerce\/all-products\" data-columns=\"4\" data-content-visibility=\"{&quot;orderBy&quot;:true}\" data-layout-config=\"[[&quot;woocommerce\\\/product-image&quot;,{&quot;imageSizing&quot;:&quot;thumbnail&quot;}],[&quot;woocommerce\\\/product-title&quot;],[&quot;woocommerce\\\/product-price&quot;],[&quot;woocommerce\\\/product-rating&quot;],[&quot;woocommerce\\\/product-button&quot;]]\" data-orderby=\"price\" data-rows=\"2\" class=\"wp-block-woocommerce-all-products wc-block-all-products\" data-attributes=\"{&quot;alignButtons&quot;:false,&quot;columns&quot;:4,&quot;contentVisibility&quot;:{&quot;orderBy&quot;:true},&quot;isPreview&quot;:false,&quot;layoutConfig&quot;:[[&quot;woocommerce\/product-image&quot;,{&quot;imageSizing&quot;:&quot;thumbnail&quot;}],[&quot;woocommerce\/product-title&quot;],[&quot;woocommerce\/product-price&quot;],[&quot;woocommerce\/product-rating&quot;],[&quot;woocommerce\/product-button&quot;]],&quot;orderby&quot;:&quot;price&quot;,&quot;rows&quot;:2}\"><\/div>\n","protected":false},"excerpt":{"rendered":"<p>Services &amp; Produits Photographiques<\/p>\n","protected":false},"author":1,"featured_media":0,"parent":0,"menu_order":0,"comment_status":"closed","ping_status":"closed","template":"","meta":{"footnotes":""},"class_list":["post-14","page","type-page","status-publish","hentry"],"_links":{"self":[{"href":"https:\/\/www.reflexhaut.fr\/studio\/wp-json\/wp\/v2\/pages\/14","targetHints":{"allow":["GET"]}}],"collection":[{"href":"https:\/\/www.reflexhaut.fr\/studio\/wp-json\/wp\/v2\/pages"}],"about":[{"href":"https:\/\/www.reflexhaut.fr\/studio\/wp-json\/wp\/v2\/types\/page"}],"author":[{"embeddable":true,"href":"https:\/\/www.reflexhaut.fr\/studio\/wp-json\/wp\/v2\/users\/1"}],"replies":[{"embeddable":true,"href":"https:\/\/www.reflexhaut.fr\/studio\/wp-json\/wp\/v2\/comments?post=14"}],"version-history":[{"count":14,"href":"https:\/\/www.reflexhaut.fr\/studio\/wp-json\/wp\/v2\/pages\/14\/revisions"}],"predecessor-version":[{"id":1149,"href":"https:\/\/www.reflexhaut.fr\/studio\/wp-json\/wp\/v2\/pages\/14\/revisions\/1149"}],"wp:attachment":[{"href":"https:\/\/www.reflexhaut.fr\/studio\/wp-json\/wp\/v2\/media?parent=14"}],"curies":[{"name":"wp","href":"https:\/\/api.w.org\/{rel}","templated":true}]}}