{"id":1093,"date":"2026-02-20T19:42:28","date_gmt":"2026-02-20T18:42:28","guid":{"rendered":"https:\/\/www.reflexhaut.fr\/studio\/?post_type=product&#038;p=1093"},"modified":"2026-04-08T22:42:49","modified_gmt":"2026-04-08T20:42:49","slug":"carte-cadeau-seance-photo-heritage-tableau-photo-30x40","status":"publish","type":"product","link":"https:\/\/www.reflexhaut.fr\/studio\/catalogue\/carte-cadeau-seance-photo-heritage-tableau-photo-30x40\/","title":{"rendered":"Carte Cadeau &#8211; S\u00e9ance Photo H\u00e9ritage + 1 tableau photo 30&#215;40 lamin\u00e9"},"content":{"rendered":"<h2>Cette carte cadeau photo comprend :<\/h2>\n<ul>\n<li>Le rendez-vous pr\u00e9paratoire au studio ou t\u00e9l\u00e9phonique avant la s\u00e9ance photo<\/li>\n<li>La s\u00e9ance photo, en studio ou ext\u00e9rieur<\/li>\n<li>Le traitement des images pour le rendez-vous de visionnage, d\u00e9couverte et s\u00e9lection<\/li>\n<li>Un tableau photo lamin\u00e9 sur bois 30&#215;40<br \/>\n<em>Pas de fichiers num\u00e9riques inclus<\/em><\/li>\n<\/ul>\n<h3>Rendez-vous pr\u00e9paratoire<\/h3>\n<ul>\n<li>Rencontre et rendez-vous au studio (ou par t\u00e9l\u00e9phone) en amont de la s\u00e9ance pour l&rsquo;organisation de la s\u00e9ance<\/li>\n<li>Echange sur le style et les envies, explication sur le d\u00e9roulement de la s\u00e9ance<\/li>\n<li>Conseil sur la (les) tenue(s) pour des jolies photos et un beau rendu<\/li>\n<li>Programmation et planification de la s\u00e9ance (date et lieu).<\/li>\n<\/ul>\n<h3>S\u00e9ance Photo \/ Shooting<\/h3>\n<ul>\n<li>En Solo, Duo ou Groupe (jusqu&rsquo;\u00e0 5 personnes au studio, plus grand groupe en ext\u00e9rieur)<\/li>\n<li>R\u00e9alisation de la s\u00e9ance au Studio REFLEXHAUT, ou en ext\u00e9rieur (d\u00e9placement possible suivant projet photo)<\/li>\n<\/ul>\n<h3>Rendez-vous de visionnage, d\u00e9couverte et s\u00e9lection<\/h3>\n<ul>\n<li>Pr\u00e9sentation des photos r\u00e9alis\u00e9es et s\u00e9lectionn\u00e9es sur grand \u00e9cran au Studio<\/li>\n<li>Pr\u00e9sentation habituelle pour ce type de s\u00e9ance photo, galerie et diaporama de 10 \u00e0 40 photos<\/li>\n<\/ul>\n<h3>1 Tableau Photo Lamin\u00e9 sur Bois Haut de Gamme 30&#215;40<\/h3>\n<ul>\n<li style=\"list-style-type: none;\">\n<ul>\n<li>Edition et production du support photographique inclut avec la Carte Cadeau<\/li>\n<\/ul>\n<\/li>\n<li>Sur demande, acc\u00e8s au catalogue des autres produits et albums photographiques Art REFLEXHAUT<\/li>\n<\/ul>\n<h3>Carte Cadeau Photo valable 12 mois<\/h3>\n<ul>\n<li>Carte cadeau disponible en retrait au Studio sur rendez-vous.<br \/>\nOU, commande en ligne via cette boutique en ligne, pour recevoir un bon cadeau \u00ab\u00a0pr\u00eat \u00e0 imprimer\u00a0\u00bb par email sous 24h ou programmer votre retrait au Studio.<\/li>\n<\/ul>\n<h4>Au Studio REFLEXHAUT, vous faites appel \u00e0 un Artisan Photographe exp\u00e9riment\u00e9.<\/h4>\n<p>Chaque photographie r\u00e9alis\u00e9e et command\u00e9e fait l\u2019objet d\u2019un traitement manuel unitaire et professionnel d&rsquo;optimisation \u00e0 travers un d\u00e9veloppement avanc\u00e9 et d\u2019optimisation.<\/p>\n<p>En savoir plus :<br \/>\nOlivier Germain, Artisan Photographe REFLEXHAUT, \u00e0 votre service depuis 2007.<br \/>\nPour me joindre directement par t\u00e9l\u00e9phone ou SMS : <a href=\"tel:+33680988763\">06.80.98.87.63<\/a><\/p>\n<p>Retrouvez REFLEXHAUT<br \/>\nsur Facebook : <a href=\"https:\/\/www.facebook.com\/studio.reflexhaut\" target=\"_blank\" rel=\"noopener\">@studio.reflexhaut<\/a><br \/>\nsur Instagram : <a href=\"https:\/\/www.instagram.com\/studio.reflexhaut\/\" target=\"_blank\" rel=\"noopener\">@studio.reflexhaut<\/a><\/p>\n","protected":false},"excerpt":{"rendered":"<p>Carte cadeau &#8211; S\u00e9ance photo h\u00e9ritage + un tableau lamin\u00e9 sur bois 30&#215;40<\/p>\n","protected":false},"featured_media":895,"template":"","meta":[],"product_brand":[],"product_cat":[99],"product_tag":[27,28,23,24,25,26],"class_list":{"0":"post-1093","1":"product","2":"type-product","3":"status-publish","4":"has-post-thumbnail","6":"product_cat-cartes-cadeaux","7":"product_tag-famille","8":"product_tag-groupe","9":"product_tag-lifestyle","10":"product_tag-seance-photo","11":"product_tag-solo","12":"product_tag-studio","14":"first","15":"instock","16":"virtual","17":"taxable","18":"purchasable","19":"product-type-simple"},"_links":{"self":[{"href":"https:\/\/www.reflexhaut.fr\/studio\/wp-json\/wp\/v2\/product\/1093","targetHints":{"allow":["GET"]}}],"collection":[{"href":"https:\/\/www.reflexhaut.fr\/studio\/wp-json\/wp\/v2\/product"}],"about":[{"href":"https:\/\/www.reflexhaut.fr\/studio\/wp-json\/wp\/v2\/types\/product"}],"wp:featuredmedia":[{"embeddable":true,"href":"https:\/\/www.reflexhaut.fr\/studio\/wp-json\/wp\/v2\/media\/895"}],"wp:attachment":[{"href":"https:\/\/www.reflexhaut.fr\/studio\/wp-json\/wp\/v2\/media?parent=1093"}],"wp:term":[{"taxonomy":"product_brand","embeddable":true,"href":"https:\/\/www.reflexhaut.fr\/studio\/wp-json\/wp\/v2\/product_brand?post=1093"},{"taxonomy":"product_cat","embeddable":true,"href":"https:\/\/www.reflexhaut.fr\/studio\/wp-json\/wp\/v2\/product_cat?post=1093"},{"taxonomy":"product_tag","embeddable":true,"href":"https:\/\/www.reflexhaut.fr\/studio\/wp-json\/wp\/v2\/product_tag?post=1093"}],"curies":[{"name":"wp","href":"https:\/\/api.w.org\/{rel}","templated":true}]}}