{"id":1117,"date":"2026-04-08T22:13:40","date_gmt":"2026-04-08T20:13:40","guid":{"rendered":"https:\/\/www.reflexhaut.fr\/studio\/produit\/experience-decouverte-studio-reflexhaut\/"},"modified":"2026-04-09T00:48:18","modified_gmt":"2026-04-08T22:48:18","slug":"experience-decouverte-reflexhaut","status":"publish","type":"product","link":"https:\/\/www.reflexhaut.fr\/studio\/catalogue\/experience-decouverte-reflexhaut\/","title":{"rendered":"Exp\u00e9rience D\u00e9couverte \u2013 REFLEXHAUT"},"content":{"rendered":"<h3>Exp\u00e9rience D\u00e9couverte<\/h3>\n<p>La v\u00e9ritable porte d\u2019entr\u00e9e dans l\u2019univers du Studio REFLEXHAUT.<\/p>\n<p>Est inclus :<br \/>\n\u2022 \u00c9change pr\u00e9paratoire simple<br \/>\n\u2022 S\u00e9ance guid\u00e9e de 45 \u00e0 60 minutes<br \/>\n\u2022 S\u00e9lection priv\u00e9e<br \/>\n\u2022 1 tirage d\u2019art 20&#215;30 inclus<br \/>\n\u2022 La copie num\u00e9rique web de l\u2019image choisie<\/p>\n<p>En compl\u00e9ment :<br \/>\n\u2022 Possibilit\u00e9 d\u2019achat de photos suppl\u00e9mentaires<br \/>\n\u2022 Pack 5 images disponible<br \/>\n\u2022 Tirages compl\u00e9mentaires possibles<\/p>\n<p>Important :<br \/>\nL\u2019Exp\u00e9rience D\u00e9couverte constitue d\u00e9j\u00e0 une vraie exp\u00e9rience photographique, plus confortable, plus qualitative et plus compl\u00e8te qu\u2019une formule courte.<\/p>\n","protected":false},"excerpt":{"rendered":"<p>Une premi\u00e8re exp\u00e9rience pour d\u00e9couvrir mon regard sur vous.<\/p>\n","protected":false},"featured_media":0,"template":"","meta":[],"product_brand":[],"product_cat":[99,98],"product_tag":[44,102,100,60,24,26],"class_list":{"0":"post-1117","1":"product","2":"type-product","3":"status-publish","5":"product_cat-cartes-cadeaux","6":"product_cat-portrait","7":"product_tag-carte-cadeau","8":"product_tag-decouverte","9":"product_tag-experience-photo","10":"product_tag-portrait","11":"product_tag-seance-photo","12":"product_tag-studio","14":"first","15":"instock","16":"sale","17":"sold-individually","18":"taxable","19":"shipping-taxable","20":"purchasable","21":"product-type-variable","22":"has-default-attributes"},"_links":{"self":[{"href":"https:\/\/www.reflexhaut.fr\/studio\/wp-json\/wp\/v2\/product\/1117","targetHints":{"allow":["GET"]}}],"collection":[{"href":"https:\/\/www.reflexhaut.fr\/studio\/wp-json\/wp\/v2\/product"}],"about":[{"href":"https:\/\/www.reflexhaut.fr\/studio\/wp-json\/wp\/v2\/types\/product"}],"wp:attachment":[{"href":"https:\/\/www.reflexhaut.fr\/studio\/wp-json\/wp\/v2\/media?parent=1117"}],"wp:term":[{"taxonomy":"product_brand","embeddable":true,"href":"https:\/\/www.reflexhaut.fr\/studio\/wp-json\/wp\/v2\/product_brand?post=1117"},{"taxonomy":"product_cat","embeddable":true,"href":"https:\/\/www.reflexhaut.fr\/studio\/wp-json\/wp\/v2\/product_cat?post=1117"},{"taxonomy":"product_tag","embeddable":true,"href":"https:\/\/www.reflexhaut.fr\/studio\/wp-json\/wp\/v2\/product_tag?post=1117"}],"curies":[{"name":"wp","href":"https:\/\/api.w.org\/{rel}","templated":true}]}}