{"id":1118,"date":"2026-04-08T22:13:41","date_gmt":"2026-04-08T20:13:41","guid":{"rendered":"https:\/\/www.reflexhaut.fr\/studio\/produit\/experience-signature-studio-reflexhaut\/"},"modified":"2026-04-09T00:49:52","modified_gmt":"2026-04-08T22:49:52","slug":"experience-signature-reflexhaut","status":"publish","type":"product","link":"https:\/\/www.reflexhaut.fr\/studio\/catalogue\/experience-signature-reflexhaut\/","title":{"rendered":"Exp\u00e9rience Signature \u2013 REFLEXHAUT"},"content":{"rendered":"<h3>Exp\u00e9rience Signature<\/h3>\n<p>L\u2019offre la plus compl\u00e8te et la plus \u00e9quilibr\u00e9e du Studio REFLEXHAUT.<\/p>\n<p>Est inclus :<br \/>\n\u2022 Rendez-vous pr\u00e9paratoire conseill\u00e9<br \/>\n\u2022 S\u00e9ance de 1h \u00e0 1h30<br \/>\n\u2022 Conseils sur les tenues et la pr\u00e9paration<br \/>\n\u2022 5 \u00e0 10 images num\u00e9riques HD incluses<br \/>\n\u2022 1 tirage d\u2019art inclus<\/p>\n<p>En compl\u00e9ment :<br \/>\n\u2022 Album possible<br \/>\n\u2022 Tableau mural possible<br \/>\n\u2022 Images suppl\u00e9mentaires disponibles<\/p>\n<p>Important :<br \/>\nL\u2019Exp\u00e9rience Signature est la formule la plus recommand\u00e9e pour vivre pleinement l\u2019exp\u00e9rience REFLEXHAUT, avec un bon \u00e9quilibre entre accompagnement, temps, images et possibilit\u00e9s de conservation.<\/p>\n","protected":false},"excerpt":{"rendered":"<p>L\u2019exp\u00e9rience compl\u00e8te, la plus \u00e9quilibr\u00e9e et la plus recommand\u00e9e.<\/p>\n","protected":false},"featured_media":0,"template":"","meta":[],"product_brand":[],"product_cat":[99,98],"product_tag":[44,100,60,24,103,26],"class_list":{"0":"post-1118","1":"product","2":"type-product","3":"status-publish","5":"product_cat-cartes-cadeaux","6":"product_cat-portrait","7":"product_tag-carte-cadeau","8":"product_tag-experience-photo","9":"product_tag-portrait","10":"product_tag-seance-photo","11":"product_tag-signature","12":"product_tag-studio","14":"first","15":"instock","16":"featured","17":"sold-individually","18":"taxable","19":"shipping-taxable","20":"purchasable","21":"product-type-variable","22":"has-default-attributes"},"_links":{"self":[{"href":"https:\/\/www.reflexhaut.fr\/studio\/wp-json\/wp\/v2\/product\/1118","targetHints":{"allow":["GET"]}}],"collection":[{"href":"https:\/\/www.reflexhaut.fr\/studio\/wp-json\/wp\/v2\/product"}],"about":[{"href":"https:\/\/www.reflexhaut.fr\/studio\/wp-json\/wp\/v2\/types\/product"}],"wp:attachment":[{"href":"https:\/\/www.reflexhaut.fr\/studio\/wp-json\/wp\/v2\/media?parent=1118"}],"wp:term":[{"taxonomy":"product_brand","embeddable":true,"href":"https:\/\/www.reflexhaut.fr\/studio\/wp-json\/wp\/v2\/product_brand?post=1118"},{"taxonomy":"product_cat","embeddable":true,"href":"https:\/\/www.reflexhaut.fr\/studio\/wp-json\/wp\/v2\/product_cat?post=1118"},{"taxonomy":"product_tag","embeddable":true,"href":"https:\/\/www.reflexhaut.fr\/studio\/wp-json\/wp\/v2\/product_tag?post=1118"}],"curies":[{"name":"wp","href":"https:\/\/api.w.org\/{rel}","templated":true}]}}