{"id":1119,"date":"2026-04-08T22:13:41","date_gmt":"2026-04-08T20:13:41","guid":{"rendered":"https:\/\/www.reflexhaut.fr\/studio\/produit\/experience-prestige-studio-reflexhaut\/"},"modified":"2026-04-09T00:50:10","modified_gmt":"2026-04-08T22:50:10","slug":"experience-prestige-reflexhaut","status":"publish","type":"product","link":"https:\/\/www.reflexhaut.fr\/studio\/catalogue\/experience-prestige-reflexhaut\/","title":{"rendered":"Exp\u00e9rience Prestige \u2013 REFLEXHAUT"},"content":{"rendered":"<h3>Exp\u00e9rience Prestige<\/h3>\n<p>Une exp\u00e9rience forte, immersive, plus personnalis\u00e9e et plus haut de gamme.<\/p>\n<p>Est inclus :<br \/>\n\u2022 Pr\u00e9paration personnalis\u00e9e<br \/>\n\u2022 S\u00e9ance de 2h \u00e0 3h<br \/>\n\u2022 S\u00e9lection \u00e9ditorialis\u00e9e<br \/>\n\u2022 Toutes les images s\u00e9lectionn\u00e9es<br \/>\n\u2022 Un album ou une \u0153uvre murale inclus(e)<\/p>\n<p>En compl\u00e9ment :<br \/>\n\u2022 \u0152uvre murale compl\u00e9mentaire possible<br \/>\n\u2022 Coffret premium possible<\/p>\n<p>Important :<br \/>\nL\u2019Exp\u00e9rience Prestige n\u2019est pas simplement une s\u00e9ance plus longue. C\u2019est une exp\u00e9rience pens\u00e9e pour cr\u00e9er un souvenir plus fort, plus abouti et plus durable.<\/p>\n","protected":false},"excerpt":{"rendered":"<p>Une exp\u00e9rience immersive et sur-mesure, pens\u00e9e pour cr\u00e9er quelque chose de fort et durable.<\/p>\n","protected":false},"featured_media":0,"template":"","meta":[],"product_brand":[],"product_cat":[99,98],"product_tag":[44,100,60,104,24,26],"class_list":{"0":"post-1119","1":"product","2":"type-product","3":"status-publish","5":"product_cat-cartes-cadeaux","6":"product_cat-portrait","7":"product_tag-carte-cadeau","8":"product_tag-experience-photo","9":"product_tag-portrait","10":"product_tag-prestige","11":"product_tag-seance-photo","12":"product_tag-studio","14":"first","15":"instock","16":"sold-individually","17":"taxable","18":"shipping-taxable","19":"purchasable","20":"product-type-variable","21":"has-default-attributes"},"_links":{"self":[{"href":"https:\/\/www.reflexhaut.fr\/studio\/wp-json\/wp\/v2\/product\/1119","targetHints":{"allow":["GET"]}}],"collection":[{"href":"https:\/\/www.reflexhaut.fr\/studio\/wp-json\/wp\/v2\/product"}],"about":[{"href":"https:\/\/www.reflexhaut.fr\/studio\/wp-json\/wp\/v2\/types\/product"}],"wp:attachment":[{"href":"https:\/\/www.reflexhaut.fr\/studio\/wp-json\/wp\/v2\/media?parent=1119"}],"wp:term":[{"taxonomy":"product_brand","embeddable":true,"href":"https:\/\/www.reflexhaut.fr\/studio\/wp-json\/wp\/v2\/product_brand?post=1119"},{"taxonomy":"product_cat","embeddable":true,"href":"https:\/\/www.reflexhaut.fr\/studio\/wp-json\/wp\/v2\/product_cat?post=1119"},{"taxonomy":"product_tag","embeddable":true,"href":"https:\/\/www.reflexhaut.fr\/studio\/wp-json\/wp\/v2\/product_tag?post=1119"}],"curies":[{"name":"wp","href":"https:\/\/api.w.org\/{rel}","templated":true}]}}