{"id":1163,"date":"2026-05-05T16:58:30","date_gmt":"2026-05-05T14:58:30","guid":{"rendered":"https:\/\/www.reflexhaut.fr\/studio\/?post_type=product&#038;p=1163"},"modified":"2026-05-05T17:09:34","modified_gmt":"2026-05-05T15:09:34","slug":"seance-photo-frais-seance","status":"publish","type":"product","link":"https:\/\/www.reflexhaut.fr\/studio\/catalogue\/seance-photo-frais-seance\/","title":{"rendered":"S\u00e9ance &#8211; Frais de s\u00e9ance Studio"},"content":{"rendered":"<h3>Frais de s\u00e9ance Studio<\/h3>\n<p>Cette approche permet de vivre la s\u00e9ance, puis de d\u00e9couvrir les images avant de choisir ce que vous souhaitez r\u00e9ellement conserver : portraits num\u00e9riques, tirages, tableaux, albums ou coffrets<\/p>\n<p>Est inclus :<\/p>\n<ul>\n<li>\u00c9change pr\u00e9paratoire court<\/li>\n<li>s\u00e9ance guid\u00e9e 20 \u00e0 45 min<\/li>\n<li>1 tenue principale<\/li>\n<li>1 ambiance<\/li>\n<li>tri et pr\u00e9paration d\u2019une s\u00e9lection<\/li>\n<li>rendez-vous de d\u00e9couverte ou s\u00e9lection priv\u00e9e<\/li>\n<li>Offert : 1 tirage 15\u00d720 lustr\u00e9.<\/li>\n<\/ul>\n<p>S\u00e9ance photo REFLEXHAUT \u00e0 s&rsquo;offrir ou \u00e0 offrir.<br \/>\nS\u00e9ance photo disponible sous la forme de carte cadeau. Carte cadeau photo \u00e0 retirer sur rendez-vous au Studio, ou transmise directement en version num\u00e9rique par email.<\/p>\n<p>Rappel : Sauf indication sp\u00e9cifique, aucun fichier num\u00e9rique n\u2019est inclus. L&rsquo;achat de fichier num\u00e9rique \u00e9dit\u00e9 finalis\u00e9 est possible au m\u00eame titre que tous les supports propos\u00e9s par le studio lors de la d\u00e9couverte des images r\u00e9alis\u00e9es.<\/p>\n","protected":false},"excerpt":{"rendered":"<p>Vivez votre s\u00e9ance photo, puis s\u00e9lectionner vos photos \u00e0 la carte.<\/p>\n","protected":false},"featured_media":1152,"template":"","meta":[],"product_brand":[],"product_cat":[99,98],"product_tag":[44,101,100,60,24,26],"class_list":{"0":"post-1163","1":"product","2":"type-product","3":"status-publish","4":"has-post-thumbnail","6":"product_cat-cartes-cadeaux","7":"product_cat-portrait","8":"product_tag-carte-cadeau","9":"product_tag-essentiel","10":"product_tag-experience-photo","11":"product_tag-portrait","12":"product_tag-seance-photo","13":"product_tag-studio","15":"first","16":"instock","17":"virtual","18":"sold-individually","19":"taxable","20":"purchasable","21":"product-type-simple"},"_links":{"self":[{"href":"https:\/\/www.reflexhaut.fr\/studio\/wp-json\/wp\/v2\/product\/1163","targetHints":{"allow":["GET"]}}],"collection":[{"href":"https:\/\/www.reflexhaut.fr\/studio\/wp-json\/wp\/v2\/product"}],"about":[{"href":"https:\/\/www.reflexhaut.fr\/studio\/wp-json\/wp\/v2\/types\/product"}],"wp:featuredmedia":[{"embeddable":true,"href":"https:\/\/www.reflexhaut.fr\/studio\/wp-json\/wp\/v2\/media\/1152"}],"wp:attachment":[{"href":"https:\/\/www.reflexhaut.fr\/studio\/wp-json\/wp\/v2\/media?parent=1163"}],"wp:term":[{"taxonomy":"product_brand","embeddable":true,"href":"https:\/\/www.reflexhaut.fr\/studio\/wp-json\/wp\/v2\/product_brand?post=1163"},{"taxonomy":"product_cat","embeddable":true,"href":"https:\/\/www.reflexhaut.fr\/studio\/wp-json\/wp\/v2\/product_cat?post=1163"},{"taxonomy":"product_tag","embeddable":true,"href":"https:\/\/www.reflexhaut.fr\/studio\/wp-json\/wp\/v2\/product_tag?post=1163"}],"curies":[{"name":"wp","href":"https:\/\/api.w.org\/{rel}","templated":true}]}}