{"id":731,"date":"2024-05-29T17:42:52","date_gmt":"2024-05-29T15:42:52","guid":{"rendered":"https:\/\/www.reflexhaut.fr\/studio\/?post_type=product&#038;p=731"},"modified":"2026-04-09T00:22:32","modified_gmt":"2026-04-08T22:22:32","slug":"id-frais-photos-didentite-a-domicile","status":"publish","type":"product","link":"https:\/\/www.reflexhaut.fr\/studio\/catalogue\/id-frais-photos-didentite-a-domicile\/","title":{"rendered":"ID-Identit\u00e9 \u00e0 Domicile"},"content":{"rendered":"<p>Frais de r\u00e9alisation de photos d&rsquo;identit\u00e9 \u00e0 domicile.<br \/>\nPour la r\u00e9alisation de vos photographies d&rsquo;identit\u00e9.<br \/>\nPrise de rendez-vous par t\u00e9l\u00e9phone obligatoire.<br \/>\n*Hors planche imprim\u00e9e, hors d\u00e9placement.<\/p>\n","protected":false},"excerpt":{"rendered":"<p>Forfait r\u00e9alisation identit\u00e9s \u00e0 domicile &#8211; Hors d\u00e9placement<\/p>\n","protected":false},"featured_media":0,"template":"","meta":[],"product_brand":[],"product_cat":[77],"product_tag":[],"class_list":{"0":"post-731","1":"product","2":"type-product","3":"status-publish","5":"product_cat-photo-identite","7":"first","8":"instock","9":"virtual","10":"taxable","11":"purchasable","12":"product-type-simple"},"_links":{"self":[{"href":"https:\/\/www.reflexhaut.fr\/studio\/wp-json\/wp\/v2\/product\/731","targetHints":{"allow":["GET"]}}],"collection":[{"href":"https:\/\/www.reflexhaut.fr\/studio\/wp-json\/wp\/v2\/product"}],"about":[{"href":"https:\/\/www.reflexhaut.fr\/studio\/wp-json\/wp\/v2\/types\/product"}],"wp:attachment":[{"href":"https:\/\/www.reflexhaut.fr\/studio\/wp-json\/wp\/v2\/media?parent=731"}],"wp:term":[{"taxonomy":"product_brand","embeddable":true,"href":"https:\/\/www.reflexhaut.fr\/studio\/wp-json\/wp\/v2\/product_brand?post=731"},{"taxonomy":"product_cat","embeddable":true,"href":"https:\/\/www.reflexhaut.fr\/studio\/wp-json\/wp\/v2\/product_cat?post=731"},{"taxonomy":"product_tag","embeddable":true,"href":"https:\/\/www.reflexhaut.fr\/studio\/wp-json\/wp\/v2\/product_tag?post=731"}],"curies":[{"name":"wp","href":"https:\/\/api.w.org\/{rel}","templated":true}]}}