{"id":944,"date":"2025-05-13T16:39:26","date_gmt":"2025-05-13T14:39:26","guid":{"rendered":"https:\/\/www.reflexhaut.fr\/studio\/?post_type=product&#038;p=944"},"modified":"2026-04-02T19:56:51","modified_gmt":"2026-04-02T17:56:51","slug":"session-photographie-iris","status":"publish","type":"product","link":"https:\/\/www.reflexhaut.fr\/studio\/produit\/session-photographie-iris\/","title":{"rendered":"S\u00e9ance Photo Iris"},"content":{"rendered":"<h2>Cette carte cadeau photo comprend :<\/h2>\n<ul>\n<li>La s\u00e9ance photo pour une personne, une iris<br \/>\n<strong>Dur\u00e9e<\/strong> indicative de la prise de vue : <strong>15min<\/strong><\/li>\n<li>Lieu de r\u00e9alisation : Studio Photo REFLEXHAUT &#8211; Villiers-en-Plaine<br \/>\n<em>(10min de Niort 79)<\/em><\/li>\n<li>Le travail d&rsquo;\u00e9dition et d&rsquo;optimisation de l&rsquo;iris<\/li>\n<li>Livraison : <strong>Nouveaut\u00e9 2026<br \/>\n&gt; Tirage direct Photo sous Plexi 20&#215;20 pour un rendu lumineux de haute qualit\u00e9<\/strong><br \/>\net toujours offert, la copie Web de votre iris<\/li>\n<\/ul>\n<h3>Carte Cadeau id\u00e9ale pour<\/h3>\n<ul>\n<li>Cadeau original, tous publics (\u00e0 partir de 3ans), curieux, &#8230;<\/li>\n<\/ul>\n<h3>Carte Cadeau Photo valable 6 mois<\/h3>\n<ul>\n<li>Carte cadeau disponible en retrait au Studio sur rendez-vous.<br \/>\nOU, commande en ligne via cette boutique en ligne, pour recevoir un bon cadeau \u00ab\u00a0pr\u00eat \u00e0 imprimer\u00a0\u00bb directement par email sous 24\u00a0 \u00e0 48h.<\/li>\n<li>Carte renouvelable 1 fois pour une validit\u00e9 totale de 12 mois<\/li>\n<\/ul>\n<h4><em>Vous souhaitez une carte cadeau sur-mesure. Merci d&rsquo;appeler le Studio<\/em><\/h4>\n<h4>Au Studio REFLEXHAUT, vous faites appel \u00e0 un Artisan Photographe exp\u00e9riment\u00e9.<\/h4>\n<p>Chaque photographie r\u00e9alis\u00e9e et command\u00e9e fait l\u2019objet d\u2019un traitement manuel unitaire et professionnel d&rsquo;optimisation \u00e0 travers un d\u00e9veloppement avanc\u00e9 et d\u2019optimisation.<br \/>\nL&rsquo;\u00e9dition unitaire fait partie int\u00e9grante de la prestation et du style unique REFLEXHAUT.<\/p>\n<p>En savoir plus :<br \/>\nOlivier Germain, Artisan Photographe REFLEXHAUT, \u00e0 votre service depuis 2007.<br \/>\nPour me joindre directement par t\u00e9l\u00e9phone ou SMS : <a href=\"tel:+33680988763\">06.80.98.87.63<\/a><\/p>\n<p>Retrouvez REFLEXHAUT<br \/>\nsur Facebook : <a href=\"https:\/\/www.facebook.com\/studio.reflexhaut\" target=\"_blank\" rel=\"noopener\">@studio.reflexhaut<\/a><br \/>\nsur Instagram : <a href=\"https:\/\/www.instagram.com\/studio.reflexhaut\/\" target=\"_blank\" rel=\"noopener\">@studio.reflexhaut<\/a><\/p>\n","protected":false},"excerpt":{"rendered":"<p>S\u00e9ance Photo &#8211; Photo d&rsquo;Iris \/ Tirage Art sous Plexi<\/p>\n","protected":false},"featured_media":431,"template":"","meta":[],"product_brand":[],"product_cat":[29],"product_tag":[24,25,26],"class_list":{"0":"post-944","1":"product","2":"type-product","3":"status-publish","4":"has-post-thumbnail","6":"product_cat-carte-cadeau-photo","7":"product_tag-seance-photo","8":"product_tag-solo","9":"product_tag-studio","11":"first","12":"instock","13":"taxable","14":"shipping-taxable","15":"purchasable","16":"product-type-variable","17":"has-default-attributes"},"_links":{"self":[{"href":"https:\/\/www.reflexhaut.fr\/studio\/wp-json\/wp\/v2\/product\/944","targetHints":{"allow":["GET"]}}],"collection":[{"href":"https:\/\/www.reflexhaut.fr\/studio\/wp-json\/wp\/v2\/product"}],"about":[{"href":"https:\/\/www.reflexhaut.fr\/studio\/wp-json\/wp\/v2\/types\/product"}],"wp:featuredmedia":[{"embeddable":true,"href":"https:\/\/www.reflexhaut.fr\/studio\/wp-json\/wp\/v2\/media\/431"}],"wp:attachment":[{"href":"https:\/\/www.reflexhaut.fr\/studio\/wp-json\/wp\/v2\/media?parent=944"}],"wp:term":[{"taxonomy":"product_brand","embeddable":true,"href":"https:\/\/www.reflexhaut.fr\/studio\/wp-json\/wp\/v2\/product_brand?post=944"},{"taxonomy":"product_cat","embeddable":true,"href":"https:\/\/www.reflexhaut.fr\/studio\/wp-json\/wp\/v2\/product_cat?post=944"},{"taxonomy":"product_tag","embeddable":true,"href":"https:\/\/www.reflexhaut.fr\/studio\/wp-json\/wp\/v2\/product_tag?post=944"}],"curies":[{"name":"wp","href":"https:\/\/api.w.org\/{rel}","templated":true}]}}